{"id":982,"date":"2021-12-17T10:04:51","date_gmt":"2021-12-17T09:04:51","guid":{"rendered":"https:\/\/agfoodstech.sk\/?page_id=982"},"modified":"2024-09-25T13:10:32","modified_gmt":"2024-09-25T11:10:32","slug":"nove-stroje","status":"publish","type":"page","link":"https:\/\/simonza.sk\/en\/nove-stroje\/","title":{"rendered":"new machines"},"content":{"rendered":"<div data-elementor-type=\"wp-page\" data-elementor-id=\"982\" class=\"elementor elementor-982\">\n\t\t\t\t\t\t<section class=\"elementor-section elementor-top-section elementor-element elementor-element-16fb6318 elementor-section-boxed elementor-section-height-default elementor-section-height-default\" data-id=\"16fb6318\" data-element_type=\"section\" data-e-type=\"section\">\n\t\t\t\t\t\t\t<div class=\"elementor-background-overlay\"><\/div>\n\t\t\t\t\t\t\t<div class=\"elementor-container elementor-column-gap-wider\">\n\t\t\t\t\t<div class=\"elementor-column elementor-col-33 elementor-top-column elementor-element elementor-element-73abbfd\" data-id=\"73abbfd\" data-element_type=\"column\" data-e-type=\"column\">\n\t\t\t<div class=\"elementor-widget-wrap elementor-element-populated\">\n\t\t\t\t\t\t<div class=\"elementor-element elementor-element-48bfff55 elementor-position-top elementor-widget elementor-widget-image-box\" data-id=\"48bfff55\" data-element_type=\"widget\" data-e-type=\"widget\" data-widget_type=\"image-box.default\">\n\t\t\t\t<div class=\"elementor-widget-container\">\n\t\t\t\t\t<div class=\"elementor-image-box-wrapper\"><figure class=\"elementor-image-box-img\"><a href=\"https:\/\/simonza.sk\/en\/ramon-narazka\/\" tabindex=\"-1\"><img fetchpriority=\"high\" decoding=\"async\" width=\"1024\" height=\"640\" src=\"https:\/\/simonza.sk\/wp-content\/uploads\/2021\/12\/Ramon-narazka1.jpg\" class=\"attachment-full size-full wp-image-990\" alt=\"\" srcset=\"https:\/\/simonza.sk\/wp-content\/uploads\/2021\/12\/Ramon-narazka1.jpg 1024w, https:\/\/simonza.sk\/wp-content\/uploads\/2021\/12\/Ramon-narazka1-300x188.jpg 300w, https:\/\/simonza.sk\/wp-content\/uploads\/2021\/12\/Ramon-narazka1-768x480.jpg 768w\" sizes=\"(max-width: 1024px) 100vw, 1024px\" \/><\/a><\/figure><div class=\"elementor-image-box-content\"><h3 class=\"elementor-image-box-title\"><a href=\"https:\/\/simonza.sk\/en\/ramon-narazka\/\">Filler Ramon<\/a><\/h3><\/div><\/div>\t\t\t\t<\/div>\n\t\t\t\t<\/div>\n\t\t\t\t\t<\/div>\n\t\t<\/div>\n\t\t\t\t<div class=\"elementor-column elementor-col-33 elementor-top-column elementor-element elementor-element-1d1a82dd\" data-id=\"1d1a82dd\" data-element_type=\"column\" data-e-type=\"column\">\n\t\t\t<div class=\"elementor-widget-wrap elementor-element-populated\">\n\t\t\t\t\t\t<div class=\"elementor-element elementor-element-197e4c48 elementor-position-top elementor-widget elementor-widget-image-box\" data-id=\"197e4c48\" data-element_type=\"widget\" data-e-type=\"widget\" data-widget_type=\"image-box.default\">\n\t\t\t\t<div class=\"elementor-widget-container\">\n\t\t\t\t\t<div class=\"elementor-image-box-wrapper\"><figure class=\"elementor-image-box-img\"><a href=\"https:\/\/simonza.sk\/en\/ramon-kuter-75-var\/\" tabindex=\"-1\"><img decoding=\"async\" width=\"1024\" height=\"640\" src=\"https:\/\/simonza.sk\/wp-content\/uploads\/2021\/12\/Ramon-kuter-75-VAR.jpg\" class=\"attachment-full size-full wp-image-994\" alt=\"\" srcset=\"https:\/\/simonza.sk\/wp-content\/uploads\/2021\/12\/Ramon-kuter-75-VAR.jpg 1024w, https:\/\/simonza.sk\/wp-content\/uploads\/2021\/12\/Ramon-kuter-75-VAR-300x188.jpg 300w, https:\/\/simonza.sk\/wp-content\/uploads\/2021\/12\/Ramon-kuter-75-VAR-768x480.jpg 768w\" sizes=\"(max-width: 1024px) 100vw, 1024px\" \/><\/a><\/figure><div class=\"elementor-image-box-content\"><h3 class=\"elementor-image-box-title\"><a href=\"https:\/\/simonza.sk\/en\/ramon-kuter-75-var\/\">Cutter Ramon<\/a><\/h3><\/div><\/div>\t\t\t\t<\/div>\n\t\t\t\t<\/div>\n\t\t\t\t\t<\/div>\n\t\t<\/div>\n\t\t\t\t<div class=\"elementor-column elementor-col-33 elementor-top-column elementor-element elementor-element-4cd2ae4b\" data-id=\"4cd2ae4b\" data-element_type=\"column\" data-e-type=\"column\">\n\t\t\t<div class=\"elementor-widget-wrap elementor-element-populated\">\n\t\t\t\t\t\t<div class=\"elementor-element elementor-element-232ab73b elementor-position-top elementor-widget elementor-widget-image-box\" data-id=\"232ab73b\" data-element_type=\"widget\" data-e-type=\"widget\" data-widget_type=\"image-box.default\">\n\t\t\t\t<div class=\"elementor-widget-container\">\n\t\t\t\t\t<div class=\"elementor-image-box-wrapper\"><figure class=\"elementor-image-box-img\"><img decoding=\"async\" width=\"1024\" height=\"640\" src=\"https:\/\/simonza.sk\/wp-content\/uploads\/2021\/12\/Udenarske-palice-nove.jpg\" class=\"attachment-full size-full wp-image-998\" alt=\"\" srcset=\"https:\/\/simonza.sk\/wp-content\/uploads\/2021\/12\/Udenarske-palice-nove.jpg 1024w, https:\/\/simonza.sk\/wp-content\/uploads\/2021\/12\/Udenarske-palice-nove-300x188.jpg 300w, https:\/\/simonza.sk\/wp-content\/uploads\/2021\/12\/Udenarske-palice-nove-768x480.jpg 768w\" sizes=\"(max-width: 1024px) 100vw, 1024px\" \/><\/figure><div class=\"elementor-image-box-content\"><h3 class=\"elementor-image-box-title\">Smoke sticks<\/h3><\/div><\/div>\t\t\t\t<\/div>\n\t\t\t\t<\/div>\n\t\t\t\t\t<\/div>\n\t\t<\/div>\n\t\t\t\t\t<\/div>\n\t\t<\/section>\n\t\t\t\t<section class=\"elementor-section elementor-top-section elementor-element elementor-element-4509a4e elementor-section-boxed elementor-section-height-default elementor-section-height-default\" data-id=\"4509a4e\" data-element_type=\"section\" data-e-type=\"section\">\n\t\t\t\t\t\t\t<div class=\"elementor-background-overlay\"><\/div>\n\t\t\t\t\t\t\t<div class=\"elementor-container elementor-column-gap-wider\">\n\t\t\t\t\t<div class=\"elementor-column elementor-col-33 elementor-top-column elementor-element elementor-element-5704440\" data-id=\"5704440\" data-element_type=\"column\" data-e-type=\"column\">\n\t\t\t<div class=\"elementor-widget-wrap elementor-element-populated\">\n\t\t\t\t\t\t<div class=\"elementor-element elementor-element-01ee502 elementor-position-top elementor-widget elementor-widget-image-box\" data-id=\"01ee502\" data-element_type=\"widget\" data-e-type=\"widget\" data-widget_type=\"image-box.default\">\n\t\t\t\t<div class=\"elementor-widget-container\">\n\t\t\t\t\t<div class=\"elementor-image-box-wrapper\"><figure class=\"elementor-image-box-img\"><img loading=\"lazy\" decoding=\"async\" width=\"1024\" height=\"640\" src=\"https:\/\/simonza.sk\/wp-content\/uploads\/2024\/04\/klipsovacky-rozne.jpg\" class=\"attachment-full size-full wp-image-2221\" alt=\"\" srcset=\"https:\/\/simonza.sk\/wp-content\/uploads\/2024\/04\/klipsovacky-rozne.jpg 1024w, https:\/\/simonza.sk\/wp-content\/uploads\/2024\/04\/klipsovacky-rozne-300x188.jpg 300w, https:\/\/simonza.sk\/wp-content\/uploads\/2024\/04\/klipsovacky-rozne-768x480.jpg 768w, https:\/\/simonza.sk\/wp-content\/uploads\/2024\/04\/klipsovacky-rozne-18x12.jpg 18w\" sizes=\"(max-width: 1024px) 100vw, 1024px\" \/><\/figure><div class=\"elementor-image-box-content\"><h3 class=\"elementor-image-box-title\">R\u00f4zne klipsova\u010dky<\/h3><\/div><\/div>\t\t\t\t<\/div>\n\t\t\t\t<\/div>\n\t\t\t\t\t<\/div>\n\t\t<\/div>\n\t\t\t\t<div class=\"elementor-column elementor-col-33 elementor-top-column elementor-element elementor-element-e833261\" data-id=\"e833261\" data-element_type=\"column\" data-e-type=\"column\">\n\t\t\t<div class=\"elementor-widget-wrap elementor-element-populated\">\n\t\t\t\t\t\t<div class=\"elementor-element elementor-element-9396302 elementor-position-top elementor-widget elementor-widget-image-box\" data-id=\"9396302\" data-element_type=\"widget\" data-e-type=\"widget\" data-widget_type=\"image-box.default\">\n\t\t\t\t<div class=\"elementor-widget-container\">\n\t\t\t\t\t<div class=\"elementor-image-box-wrapper\"><figure class=\"elementor-image-box-img\"><img loading=\"lazy\" decoding=\"async\" width=\"1024\" height=\"640\" src=\"https:\/\/simonza.sk\/wp-content\/uploads\/2022\/03\/Logo.jpg\" class=\"attachment-full size-full wp-image-1441\" alt=\"\" srcset=\"https:\/\/simonza.sk\/wp-content\/uploads\/2022\/03\/Logo.jpg 1024w, https:\/\/simonza.sk\/wp-content\/uploads\/2022\/03\/Logo-300x188.jpg 300w, https:\/\/simonza.sk\/wp-content\/uploads\/2022\/03\/Logo-768x480.jpg 768w\" sizes=\"(max-width: 1024px) 100vw, 1024px\" \/><\/figure><div class=\"elementor-image-box-content\"><h3 class=\"elementor-image-box-title\">Simonza<\/h3><\/div><\/div>\t\t\t\t<\/div>\n\t\t\t\t<\/div>\n\t\t\t\t\t<\/div>\n\t\t<\/div>\n\t\t\t\t<div class=\"elementor-column elementor-col-33 elementor-top-column elementor-element elementor-element-594fd44\" data-id=\"594fd44\" data-element_type=\"column\" data-e-type=\"column\">\n\t\t\t<div class=\"elementor-widget-wrap elementor-element-populated\">\n\t\t\t\t\t\t<div class=\"elementor-element elementor-element-b3dcc2f elementor-position-top elementor-widget elementor-widget-image-box\" data-id=\"b3dcc2f\" data-element_type=\"widget\" data-e-type=\"widget\" data-widget_type=\"image-box.default\">\n\t\t\t\t<div class=\"elementor-widget-container\">\n\t\t\t\t\t<div class=\"elementor-image-box-wrapper\"><figure class=\"elementor-image-box-img\"><img loading=\"lazy\" decoding=\"async\" width=\"1024\" height=\"640\" src=\"https:\/\/simonza.sk\/wp-content\/uploads\/2022\/03\/Logo.jpg\" class=\"attachment-full size-full wp-image-1441\" alt=\"\" srcset=\"https:\/\/simonza.sk\/wp-content\/uploads\/2022\/03\/Logo.jpg 1024w, https:\/\/simonza.sk\/wp-content\/uploads\/2022\/03\/Logo-300x188.jpg 300w, https:\/\/simonza.sk\/wp-content\/uploads\/2022\/03\/Logo-768x480.jpg 768w\" sizes=\"(max-width: 1024px) 100vw, 1024px\" \/><\/figure><div class=\"elementor-image-box-content\"><h3 class=\"elementor-image-box-title\">Simonza<\/h3><\/div><\/div>\t\t\t\t<\/div>\n\t\t\t\t<\/div>\n\t\t\t\t\t<\/div>\n\t\t<\/div>\n\t\t\t\t\t<\/div>\n\t\t<\/section>\n\t\t\t\t<\/div>","protected":false},"excerpt":{"rendered":"<p>Nar\u00e1\u017eka Ramon K\u00fater Ramon \u00daden\u00e1rske palice R\u00f4zne klipsova\u010dky Simonza Simonza<\/p>","protected":false},"author":1,"featured_media":0,"parent":0,"menu_order":0,"comment_status":"closed","ping_status":"closed","template":"page-templates\/template-pagebuilder-full-width.php","meta":{"neve_meta_sidebar":"","neve_meta_container":"","neve_meta_enable_content_width":"","neve_meta_content_width":0,"neve_meta_title_alignment":"","neve_meta_author_avatar":"","neve_post_elements_order":"","neve_meta_disable_header":"","neve_meta_disable_footer":"","neve_meta_disable_title":"","footnotes":""},"class_list":["post-982","page","type-page","status-publish","hentry"],"yoast_head":"<!-- This site is optimized with the Yoast SEO plugin v27.4 - https:\/\/yoast.com\/product\/yoast-seo-wordpress\/ -->\n<title>Nov\u00e9 stroje - Simonza<\/title>\n<meta name=\"robots\" content=\"noindex, follow\" \/>\n<meta property=\"og:locale\" content=\"en_GB\" \/>\n<meta property=\"og:type\" content=\"article\" \/>\n<meta property=\"og:title\" content=\"Nov\u00e9 stroje - Simonza\" \/>\n<meta property=\"og:description\" content=\"Nar\u00e1\u017eka Ramon K\u00fater Ramon \u00daden\u00e1rske palice R\u00f4zne klipsova\u010dky Simonza Simonza\" \/>\n<meta property=\"og:url\" content=\"https:\/\/simonza.sk\/en\/nove-stroje\/\" \/>\n<meta property=\"og:site_name\" content=\"Simonza\" \/>\n<meta property=\"article:modified_time\" content=\"2024-09-25T11:10:32+00:00\" \/>\n<meta property=\"og:image\" content=\"https:\/\/simonza.sk\/wp-content\/uploads\/2021\/12\/Ramon-narazka1.jpg\" \/>\n<meta name=\"twitter:card\" content=\"summary_large_image\" \/>\n<meta name=\"twitter:label1\" content=\"Estimated reading time\" \/>\n\t<meta name=\"twitter:data1\" content=\"1 minute\" \/>\n<script type=\"application\/ld+json\" class=\"yoast-schema-graph\">{\"@context\":\"https:\\\/\\\/schema.org\",\"@graph\":[{\"@type\":\"WebPage\",\"@id\":\"https:\\\/\\\/simonza.sk\\\/nove-stroje\\\/\",\"url\":\"https:\\\/\\\/simonza.sk\\\/nove-stroje\\\/\",\"name\":\"Nov\u00e9 stroje - Simonza\",\"isPartOf\":{\"@id\":\"https:\\\/\\\/simonza.sk\\\/#website\"},\"primaryImageOfPage\":{\"@id\":\"https:\\\/\\\/simonza.sk\\\/nove-stroje\\\/#primaryimage\"},\"image\":{\"@id\":\"https:\\\/\\\/simonza.sk\\\/nove-stroje\\\/#primaryimage\"},\"thumbnailUrl\":\"https:\\\/\\\/simonza.sk\\\/wp-content\\\/uploads\\\/2021\\\/12\\\/Ramon-narazka1.jpg\",\"datePublished\":\"2021-12-17T09:04:51+00:00\",\"dateModified\":\"2024-09-25T11:10:32+00:00\",\"breadcrumb\":{\"@id\":\"https:\\\/\\\/simonza.sk\\\/nove-stroje\\\/#breadcrumb\"},\"inLanguage\":\"en-GB\",\"potentialAction\":[{\"@type\":\"ReadAction\",\"target\":[\"https:\\\/\\\/simonza.sk\\\/nove-stroje\\\/\"]}]},{\"@type\":\"ImageObject\",\"inLanguage\":\"en-GB\",\"@id\":\"https:\\\/\\\/simonza.sk\\\/nove-stroje\\\/#primaryimage\",\"url\":\"https:\\\/\\\/simonza.sk\\\/wp-content\\\/uploads\\\/2021\\\/12\\\/Ramon-narazka1.jpg\",\"contentUrl\":\"https:\\\/\\\/simonza.sk\\\/wp-content\\\/uploads\\\/2021\\\/12\\\/Ramon-narazka1.jpg\"},{\"@type\":\"BreadcrumbList\",\"@id\":\"https:\\\/\\\/simonza.sk\\\/nove-stroje\\\/#breadcrumb\",\"itemListElement\":[{\"@type\":\"ListItem\",\"position\":1,\"name\":\"Domovsk\u00e1 str\u00e1nka\",\"item\":\"https:\\\/\\\/simonza.sk\\\/\"},{\"@type\":\"ListItem\",\"position\":2,\"name\":\"Nov\u00e9 stroje\"}]},{\"@type\":\"WebSite\",\"@id\":\"https:\\\/\\\/simonza.sk\\\/#website\",\"url\":\"https:\\\/\\\/simonza.sk\\\/\",\"name\":\"Simonza\",\"description\":\"\",\"publisher\":{\"@id\":\"https:\\\/\\\/simonza.sk\\\/#organization\"},\"potentialAction\":[{\"@type\":\"SearchAction\",\"target\":{\"@type\":\"EntryPoint\",\"urlTemplate\":\"https:\\\/\\\/simonza.sk\\\/?s={search_term_string}\"},\"query-input\":{\"@type\":\"PropertyValueSpecification\",\"valueRequired\":true,\"valueName\":\"search_term_string\"}}],\"inLanguage\":\"en-GB\"},{\"@type\":\"Organization\",\"@id\":\"https:\\\/\\\/simonza.sk\\\/#organization\",\"name\":\"SIMONZA s.r.o.\",\"url\":\"https:\\\/\\\/simonza.sk\\\/\",\"logo\":{\"@type\":\"ImageObject\",\"inLanguage\":\"en-GB\",\"@id\":\"https:\\\/\\\/simonza.sk\\\/#\\\/schema\\\/logo\\\/image\\\/\",\"url\":\"https:\\\/\\\/simonza.sk\\\/wp-content\\\/uploads\\\/2022\\\/03\\\/Simonza-Adobe-Gurmukh-bold-PNG.png\",\"contentUrl\":\"https:\\\/\\\/simonza.sk\\\/wp-content\\\/uploads\\\/2022\\\/03\\\/Simonza-Adobe-Gurmukh-bold-PNG.png\",\"width\":2835,\"height\":2835,\"caption\":\"SIMONZA s.r.o.\"},\"image\":{\"@id\":\"https:\\\/\\\/simonza.sk\\\/#\\\/schema\\\/logo\\\/image\\\/\"}}]}<\/script>\n<!-- \/ Yoast SEO plugin. -->","yoast_head_json":{"title":"Nov\u00e9 stroje - Simonza","robots":{"index":"noindex","follow":"follow"},"og_locale":"en_GB","og_type":"article","og_title":"Nov\u00e9 stroje - Simonza","og_description":"Nar\u00e1\u017eka Ramon K\u00fater Ramon \u00daden\u00e1rske palice R\u00f4zne klipsova\u010dky Simonza Simonza","og_url":"https:\/\/simonza.sk\/en\/nove-stroje\/","og_site_name":"Simonza","article_modified_time":"2024-09-25T11:10:32+00:00","og_image":[{"url":"https:\/\/simonza.sk\/wp-content\/uploads\/2021\/12\/Ramon-narazka1.jpg","type":"","width":"","height":""}],"twitter_card":"summary_large_image","twitter_misc":{"Estimated reading time":"1 minute"},"schema":{"@context":"https:\/\/schema.org","@graph":[{"@type":"WebPage","@id":"https:\/\/simonza.sk\/nove-stroje\/","url":"https:\/\/simonza.sk\/nove-stroje\/","name":"Nov\u00e9 stroje - Simonza","isPartOf":{"@id":"https:\/\/simonza.sk\/#website"},"primaryImageOfPage":{"@id":"https:\/\/simonza.sk\/nove-stroje\/#primaryimage"},"image":{"@id":"https:\/\/simonza.sk\/nove-stroje\/#primaryimage"},"thumbnailUrl":"https:\/\/simonza.sk\/wp-content\/uploads\/2021\/12\/Ramon-narazka1.jpg","datePublished":"2021-12-17T09:04:51+00:00","dateModified":"2024-09-25T11:10:32+00:00","breadcrumb":{"@id":"https:\/\/simonza.sk\/nove-stroje\/#breadcrumb"},"inLanguage":"en-GB","potentialAction":[{"@type":"ReadAction","target":["https:\/\/simonza.sk\/nove-stroje\/"]}]},{"@type":"ImageObject","inLanguage":"en-GB","@id":"https:\/\/simonza.sk\/nove-stroje\/#primaryimage","url":"https:\/\/simonza.sk\/wp-content\/uploads\/2021\/12\/Ramon-narazka1.jpg","contentUrl":"https:\/\/simonza.sk\/wp-content\/uploads\/2021\/12\/Ramon-narazka1.jpg"},{"@type":"BreadcrumbList","@id":"https:\/\/simonza.sk\/nove-stroje\/#breadcrumb","itemListElement":[{"@type":"ListItem","position":1,"name":"Domovsk\u00e1 str\u00e1nka","item":"https:\/\/simonza.sk\/"},{"@type":"ListItem","position":2,"name":"Nov\u00e9 stroje"}]},{"@type":"WebSite","@id":"https:\/\/simonza.sk\/#website","url":"https:\/\/simonza.sk\/","name":"Simonza","description":"","publisher":{"@id":"https:\/\/simonza.sk\/#organization"},"potentialAction":[{"@type":"SearchAction","target":{"@type":"EntryPoint","urlTemplate":"https:\/\/simonza.sk\/?s={search_term_string}"},"query-input":{"@type":"PropertyValueSpecification","valueRequired":true,"valueName":"search_term_string"}}],"inLanguage":"en-GB"},{"@type":"Organization","@id":"https:\/\/simonza.sk\/#organization","name":"SIMONZA s.r.o.","url":"https:\/\/simonza.sk\/","logo":{"@type":"ImageObject","inLanguage":"en-GB","@id":"https:\/\/simonza.sk\/#\/schema\/logo\/image\/","url":"https:\/\/simonza.sk\/wp-content\/uploads\/2022\/03\/Simonza-Adobe-Gurmukh-bold-PNG.png","contentUrl":"https:\/\/simonza.sk\/wp-content\/uploads\/2022\/03\/Simonza-Adobe-Gurmukh-bold-PNG.png","width":2835,"height":2835,"caption":"SIMONZA s.r.o."},"image":{"@id":"https:\/\/simonza.sk\/#\/schema\/logo\/image\/"}}]}},"_links":{"self":[{"href":"https:\/\/simonza.sk\/en\/wp-json\/wp\/v2\/pages\/982","targetHints":{"allow":["GET"]}}],"collection":[{"href":"https:\/\/simonza.sk\/en\/wp-json\/wp\/v2\/pages"}],"about":[{"href":"https:\/\/simonza.sk\/en\/wp-json\/wp\/v2\/types\/page"}],"author":[{"embeddable":true,"href":"https:\/\/simonza.sk\/en\/wp-json\/wp\/v2\/users\/1"}],"replies":[{"embeddable":true,"href":"https:\/\/simonza.sk\/en\/wp-json\/wp\/v2\/comments?post=982"}],"version-history":[{"count":40,"href":"https:\/\/simonza.sk\/en\/wp-json\/wp\/v2\/pages\/982\/revisions"}],"predecessor-version":[{"id":2259,"href":"https:\/\/simonza.sk\/en\/wp-json\/wp\/v2\/pages\/982\/revisions\/2259"}],"wp:attachment":[{"href":"https:\/\/simonza.sk\/en\/wp-json\/wp\/v2\/media?parent=982"}],"curies":[{"name":"wp","href":"https:\/\/api.w.org\/{rel}","templated":true}]}}