{"id":946,"date":"2021-12-17T09:32:23","date_gmt":"2021-12-17T08:32:23","guid":{"rendered":"https:\/\/agfoodstech.sk\/?page_id=946"},"modified":"2022-03-10T12:40:29","modified_gmt":"2022-03-10T11:40:29","slug":"rozne-formy-na-sunku","status":"publish","type":"page","link":"https:\/\/simonza.sk\/en\/rozne-formy-na-sunku\/","title":{"rendered":"R\u00f4zne formy na \u0161unku"},"content":{"rendered":"<div data-elementor-type=\"wp-page\" data-elementor-id=\"946\" class=\"elementor elementor-946\">\n\t\t\t\t\t\t<section class=\"elementor-section elementor-top-section elementor-element elementor-element-3a5b43dd elementor-section-boxed elementor-section-height-default elementor-section-height-default\" data-id=\"3a5b43dd\" data-element_type=\"section\" data-e-type=\"section\">\n\t\t\t\t\t\t<div class=\"elementor-container elementor-column-gap-default\">\n\t\t\t\t\t<div class=\"elementor-column elementor-col-100 elementor-top-column elementor-element elementor-element-3f113b58\" data-id=\"3f113b58\" data-element_type=\"column\" data-e-type=\"column\">\n\t\t\t<div class=\"elementor-widget-wrap elementor-element-populated\">\n\t\t\t\t\t\t<div class=\"elementor-element elementor-element-2472190a elementor-widget elementor-widget-heading\" data-id=\"2472190a\" data-element_type=\"widget\" data-e-type=\"widget\" data-widget_type=\"heading.default\">\n\t\t\t\t<div class=\"elementor-widget-container\">\n\t\t\t\t\t<h2 class=\"elementor-heading-title elementor-size-default\">R\u00f4zne formy na \u0161unku<\/h2>\t\t\t\t<\/div>\n\t\t\t\t<\/div>\n\t\t\t\t<div class=\"elementor-element elementor-element-54b030bc elementor-widget elementor-widget-text-editor\" data-id=\"54b030bc\" data-element_type=\"widget\" data-e-type=\"widget\" data-widget_type=\"text-editor.default\">\n\t\t\t\t<div class=\"elementor-widget-container\">\n\t\t\t\t\t\t\t\t\t<p>V ponuke m\u00e1me r\u00f4zne formy na \u0161unku a na skladan\u00fd bok. Liatinov\u00e9 aj mre\u017eov\u00e9.\u00a0<\/p><p>Rozmery mre\u017eov\u00fdch foriem: Obl\u00fakov\u00e9: \u0161\u00edrka 20 cm x d\u013a\u017eka 44 cm, obd\u013a\u017enikov\u00e9: \u0161\u00edrka 16 cm x d\u013a\u017eka 44 cm<\/p>\t\t\t\t\t\t\t\t<\/div>\n\t\t\t\t<\/div>\n\t\t\t\t\t<\/div>\n\t\t<\/div>\n\t\t\t\t\t<\/div>\n\t\t<\/section>\n\t\t\t\t<section class=\"elementor-section elementor-top-section elementor-element elementor-element-36b0c808 elementor-section-height-min-height elementor-section-items-stretch elementor-section-content-middle elementor-section-boxed elementor-section-height-default\" data-id=\"36b0c808\" data-element_type=\"section\" data-e-type=\"section\">\n\t\t\t\t\t\t<div class=\"elementor-container elementor-column-gap-default\">\n\t\t\t\t\t<div class=\"elementor-column elementor-col-50 elementor-top-column elementor-element elementor-element-1a4089bb\" data-id=\"1a4089bb\" data-element_type=\"column\" data-e-type=\"column\" data-settings=\"{&quot;background_background&quot;:&quot;classic&quot;}\">\n\t\t\t<div class=\"elementor-widget-wrap elementor-element-populated\">\n\t\t\t\t\t\t<div class=\"elementor-element elementor-element-7f5fde32 elementor-widget elementor-widget-heading\" data-id=\"7f5fde32\" data-element_type=\"widget\" data-e-type=\"widget\" data-widget_type=\"heading.default\">\n\t\t\t\t<div class=\"elementor-widget-container\">\n\t\t\t\t\t<h2 class=\"elementor-heading-title elementor-size-large\">Oh\u013eadom ceny na  zariadenie n\u00e1m nap\u00ed\u0161te na:<\/h2>\t\t\t\t<\/div>\n\t\t\t\t<\/div>\n\t\t\t\t\t<\/div>\n\t\t<\/div>\n\t\t\t\t<div class=\"elementor-column elementor-col-50 elementor-top-column elementor-element elementor-element-4ef1a8e\" data-id=\"4ef1a8e\" data-element_type=\"column\" data-e-type=\"column\" data-settings=\"{&quot;background_background&quot;:&quot;classic&quot;}\">\n\t\t\t<div class=\"elementor-widget-wrap elementor-element-populated\">\n\t\t\t\t\t\t<div class=\"elementor-element elementor-element-2ba794cd elementor-icon-list--layout-inline elementor-tablet-align-start elementor-list-item-link-full_width elementor-widget elementor-widget-icon-list\" data-id=\"2ba794cd\" data-element_type=\"widget\" data-e-type=\"widget\" data-widget_type=\"icon-list.default\">\n\t\t\t\t<div class=\"elementor-widget-container\">\n\t\t\t\t\t\t\t<ul class=\"elementor-icon-list-items elementor-inline-items\">\n\t\t\t\t\t\t\t<li class=\"elementor-icon-list-item elementor-inline-item\">\n\t\t\t\t\t\t\t\t\t\t\t<a href=\"\">\n\n\t\t\t\t\t\t\t\t\t\t\t\t<span class=\"elementor-icon-list-icon\">\n\t\t\t\t\t\t\t<i aria-hidden=\"true\" class=\"far fa-envelope\"><\/i>\t\t\t\t\t\t<\/span>\n\t\t\t\t\t\t\t\t\t\t<span class=\"elementor-icon-list-text\">office@simonza.sk<\/span>\n\t\t\t\t\t\t\t\t\t\t\t<\/a>\n\t\t\t\t\t\t\t\t\t<\/li>\n\t\t\t\t\t\t<\/ul>\n\t\t\t\t\t\t<\/div>\n\t\t\t\t<\/div>\n\t\t\t\t\t<\/div>\n\t\t<\/div>\n\t\t\t\t\t<\/div>\n\t\t<\/section>\n\t\t\t\t<section class=\"elementor-section elementor-top-section elementor-element elementor-element-47ea74e4 elementor-section-content-middle elementor-section-boxed elementor-section-height-default elementor-section-height-default\" data-id=\"47ea74e4\" data-element_type=\"section\" data-e-type=\"section\">\n\t\t\t\t\t\t<div class=\"elementor-container elementor-column-gap-default\">\n\t\t\t\t\t<div class=\"elementor-column elementor-col-100 elementor-top-column elementor-element elementor-element-190bf36d elementor-sm-100\" data-id=\"190bf36d\" data-element_type=\"column\" data-e-type=\"column\">\n\t\t\t<div class=\"elementor-widget-wrap elementor-element-populated\">\n\t\t\t\t\t\t<div class=\"elementor-element elementor-element-4134631d gallery-spacing-custom elementor-widget elementor-widget-image-gallery\" data-id=\"4134631d\" data-element_type=\"widget\" data-e-type=\"widget\" data-widget_type=\"image-gallery.default\">\n\t\t\t\t<div class=\"elementor-widget-container\">\n\t\t\t\t\t\t\t<div class=\"elementor-image-gallery\">\n\t\t\t<div id='gallery-1' class='gallery galleryid-946 gallery-columns-3 gallery-size-full'><figure class='gallery-item'>\n\t\t\t<div class='gallery-icon portrait'>\n\t\t\t\t<a data-elementor-open-lightbox=\"yes\" data-elementor-lightbox-slideshow=\"4134631d\" data-elementor-lightbox-title=\"20210820_095559\" data-e-action-hash=\"#elementor-action%3Aaction%3Dlightbox%26settings%3DeyJpZCI6OTQ5LCJ1cmwiOiJodHRwczpcL1wvc2ltb256YS5za1wvd3AtY29udGVudFwvdXBsb2Fkc1wvMjAyMVwvMTJcLzIwMjEwODIwXzA5NTU1OS1zY2FsZWQuanBnIiwic2xpZGVzaG93IjoiNDEzNDYzMWQifQ%3D%3D\" href='https:\/\/simonza.sk\/wp-content\/uploads\/2021\/12\/20210820_095559-scaled.jpg'><img fetchpriority=\"high\" decoding=\"async\" width=\"1920\" height=\"2560\" src=\"https:\/\/simonza.sk\/wp-content\/uploads\/2021\/12\/20210820_095559-scaled.jpg\" class=\"attachment-full size-full\" alt=\"\" srcset=\"https:\/\/simonza.sk\/wp-content\/uploads\/2021\/12\/20210820_095559-scaled.jpg 1920w, https:\/\/simonza.sk\/wp-content\/uploads\/2021\/12\/20210820_095559-225x300.jpg 225w, https:\/\/simonza.sk\/wp-content\/uploads\/2021\/12\/20210820_095559-768x1024.jpg 768w, https:\/\/simonza.sk\/wp-content\/uploads\/2021\/12\/20210820_095559-1152x1536.jpg 1152w, https:\/\/simonza.sk\/wp-content\/uploads\/2021\/12\/20210820_095559-1536x2048.jpg 1536w\" sizes=\"(max-width: 1920px) 100vw, 1920px\" \/><\/a>\n\t\t\t<\/div><\/figure><figure class='gallery-item'>\n\t\t\t<div class='gallery-icon portrait'>\n\t\t\t\t<a data-elementor-open-lightbox=\"yes\" data-elementor-lightbox-slideshow=\"4134631d\" data-elementor-lightbox-title=\"20210820_095659\" data-e-action-hash=\"#elementor-action%3Aaction%3Dlightbox%26settings%3DeyJpZCI6OTUwLCJ1cmwiOiJodHRwczpcL1wvc2ltb256YS5za1wvd3AtY29udGVudFwvdXBsb2Fkc1wvMjAyMVwvMTJcLzIwMjEwODIwXzA5NTY1OS1zY2FsZWQuanBnIiwic2xpZGVzaG93IjoiNDEzNDYzMWQifQ%3D%3D\" href='https:\/\/simonza.sk\/wp-content\/uploads\/2021\/12\/20210820_095659-scaled.jpg'><img decoding=\"async\" width=\"1920\" height=\"2560\" src=\"https:\/\/simonza.sk\/wp-content\/uploads\/2021\/12\/20210820_095659-scaled.jpg\" class=\"attachment-full size-full\" alt=\"\" srcset=\"https:\/\/simonza.sk\/wp-content\/uploads\/2021\/12\/20210820_095659-scaled.jpg 1920w, https:\/\/simonza.sk\/wp-content\/uploads\/2021\/12\/20210820_095659-225x300.jpg 225w, https:\/\/simonza.sk\/wp-content\/uploads\/2021\/12\/20210820_095659-768x1024.jpg 768w, https:\/\/simonza.sk\/wp-content\/uploads\/2021\/12\/20210820_095659-1152x1536.jpg 1152w, https:\/\/simonza.sk\/wp-content\/uploads\/2021\/12\/20210820_095659-1536x2048.jpg 1536w\" sizes=\"(max-width: 1920px) 100vw, 1920px\" \/><\/a>\n\t\t\t<\/div><\/figure><figure class='gallery-item'>\n\t\t\t<div class='gallery-icon portrait'>\n\t\t\t\t<a data-elementor-open-lightbox=\"yes\" data-elementor-lightbox-slideshow=\"4134631d\" data-elementor-lightbox-title=\"20210820_095729\" data-e-action-hash=\"#elementor-action%3Aaction%3Dlightbox%26settings%3DeyJpZCI6OTUxLCJ1cmwiOiJodHRwczpcL1wvc2ltb256YS5za1wvd3AtY29udGVudFwvdXBsb2Fkc1wvMjAyMVwvMTJcLzIwMjEwODIwXzA5NTcyOS1zY2FsZWQuanBnIiwic2xpZGVzaG93IjoiNDEzNDYzMWQifQ%3D%3D\" href='https:\/\/simonza.sk\/wp-content\/uploads\/2021\/12\/20210820_095729-scaled.jpg'><img decoding=\"async\" width=\"1920\" height=\"2560\" src=\"https:\/\/simonza.sk\/wp-content\/uploads\/2021\/12\/20210820_095729-scaled.jpg\" class=\"attachment-full size-full\" alt=\"\" srcset=\"https:\/\/simonza.sk\/wp-content\/uploads\/2021\/12\/20210820_095729-scaled.jpg 1920w, https:\/\/simonza.sk\/wp-content\/uploads\/2021\/12\/20210820_095729-225x300.jpg 225w, https:\/\/simonza.sk\/wp-content\/uploads\/2021\/12\/20210820_095729-768x1024.jpg 768w, https:\/\/simonza.sk\/wp-content\/uploads\/2021\/12\/20210820_095729-1152x1536.jpg 1152w, https:\/\/simonza.sk\/wp-content\/uploads\/2021\/12\/20210820_095729-1536x2048.jpg 1536w\" sizes=\"(max-width: 1920px) 100vw, 1920px\" \/><\/a>\n\t\t\t<\/div><\/figure><figure class='gallery-item'>\n\t\t\t<div class='gallery-icon portrait'>\n\t\t\t\t<a data-elementor-open-lightbox=\"yes\" data-elementor-lightbox-slideshow=\"4134631d\" data-elementor-lightbox-title=\"20210909_095759\" data-e-action-hash=\"#elementor-action%3Aaction%3Dlightbox%26settings%3DeyJpZCI6OTYyLCJ1cmwiOiJodHRwczpcL1wvc2ltb256YS5za1wvd3AtY29udGVudFwvdXBsb2Fkc1wvMjAyMVwvMTJcLzIwMjEwOTA5XzA5NTc1OS1zY2FsZWQuanBnIiwic2xpZGVzaG93IjoiNDEzNDYzMWQifQ%3D%3D\" href='https:\/\/simonza.sk\/wp-content\/uploads\/2021\/12\/20210909_095759-scaled.jpg'><img loading=\"lazy\" decoding=\"async\" width=\"1920\" height=\"2560\" src=\"https:\/\/simonza.sk\/wp-content\/uploads\/2021\/12\/20210909_095759-scaled.jpg\" class=\"attachment-full size-full\" alt=\"\" srcset=\"https:\/\/simonza.sk\/wp-content\/uploads\/2021\/12\/20210909_095759-scaled.jpg 1920w, https:\/\/simonza.sk\/wp-content\/uploads\/2021\/12\/20210909_095759-225x300.jpg 225w, https:\/\/simonza.sk\/wp-content\/uploads\/2021\/12\/20210909_095759-768x1024.jpg 768w, https:\/\/simonza.sk\/wp-content\/uploads\/2021\/12\/20210909_095759-1152x1536.jpg 1152w, https:\/\/simonza.sk\/wp-content\/uploads\/2021\/12\/20210909_095759-1536x2048.jpg 1536w\" sizes=\"(max-width: 1920px) 100vw, 1920px\" \/><\/a>\n\t\t\t<\/div><\/figure><figure class='gallery-item'>\n\t\t\t<div class='gallery-icon portrait'>\n\t\t\t\t<a data-elementor-open-lightbox=\"yes\" data-elementor-lightbox-slideshow=\"4134631d\" data-elementor-lightbox-title=\"20210909_095823\" data-e-action-hash=\"#elementor-action%3Aaction%3Dlightbox%26settings%3DeyJpZCI6OTYzLCJ1cmwiOiJodHRwczpcL1wvc2ltb256YS5za1wvd3AtY29udGVudFwvdXBsb2Fkc1wvMjAyMVwvMTJcLzIwMjEwOTA5XzA5NTgyMy1zY2FsZWQuanBnIiwic2xpZGVzaG93IjoiNDEzNDYzMWQifQ%3D%3D\" href='https:\/\/simonza.sk\/wp-content\/uploads\/2021\/12\/20210909_095823-scaled.jpg'><img loading=\"lazy\" decoding=\"async\" width=\"1920\" height=\"2560\" src=\"https:\/\/simonza.sk\/wp-content\/uploads\/2021\/12\/20210909_095823-scaled.jpg\" class=\"attachment-full size-full\" alt=\"\" srcset=\"https:\/\/simonza.sk\/wp-content\/uploads\/2021\/12\/20210909_095823-scaled.jpg 1920w, https:\/\/simonza.sk\/wp-content\/uploads\/2021\/12\/20210909_095823-225x300.jpg 225w, https:\/\/simonza.sk\/wp-content\/uploads\/2021\/12\/20210909_095823-768x1024.jpg 768w, https:\/\/simonza.sk\/wp-content\/uploads\/2021\/12\/20210909_095823-1152x1536.jpg 1152w, https:\/\/simonza.sk\/wp-content\/uploads\/2021\/12\/20210909_095823-1536x2048.jpg 1536w\" sizes=\"(max-width: 1920px) 100vw, 1920px\" \/><\/a>\n\t\t\t<\/div><\/figure><figure class='gallery-item'>\n\t\t\t<div class='gallery-icon portrait'>\n\t\t\t\t<a data-elementor-open-lightbox=\"yes\" data-elementor-lightbox-slideshow=\"4134631d\" data-elementor-lightbox-title=\"20210820_095734\" data-e-action-hash=\"#elementor-action%3Aaction%3Dlightbox%26settings%3DeyJpZCI6OTUyLCJ1cmwiOiJodHRwczpcL1wvc2ltb256YS5za1wvd3AtY29udGVudFwvdXBsb2Fkc1wvMjAyMVwvMTJcLzIwMjEwODIwXzA5NTczNC1zY2FsZWQuanBnIiwic2xpZGVzaG93IjoiNDEzNDYzMWQifQ%3D%3D\" href='https:\/\/simonza.sk\/wp-content\/uploads\/2021\/12\/20210820_095734-scaled.jpg'><img loading=\"lazy\" decoding=\"async\" width=\"1920\" height=\"2560\" src=\"https:\/\/simonza.sk\/wp-content\/uploads\/2021\/12\/20210820_095734-scaled.jpg\" class=\"attachment-full size-full\" alt=\"\" srcset=\"https:\/\/simonza.sk\/wp-content\/uploads\/2021\/12\/20210820_095734-scaled.jpg 1920w, https:\/\/simonza.sk\/wp-content\/uploads\/2021\/12\/20210820_095734-225x300.jpg 225w, https:\/\/simonza.sk\/wp-content\/uploads\/2021\/12\/20210820_095734-768x1024.jpg 768w, https:\/\/simonza.sk\/wp-content\/uploads\/2021\/12\/20210820_095734-1152x1536.jpg 1152w, https:\/\/simonza.sk\/wp-content\/uploads\/2021\/12\/20210820_095734-1536x2048.jpg 1536w\" sizes=\"(max-width: 1920px) 100vw, 1920px\" \/><\/a>\n\t\t\t<\/div><\/figure><figure class='gallery-item'>\n\t\t\t<div class='gallery-icon landscape'>\n\t\t\t\t<a data-elementor-open-lightbox=\"yes\" data-elementor-lightbox-slideshow=\"4134631d\" data-elementor-lightbox-title=\"20210820_095748\" data-e-action-hash=\"#elementor-action%3Aaction%3Dlightbox%26settings%3DeyJpZCI6OTUzLCJ1cmwiOiJodHRwczpcL1wvc2ltb256YS5za1wvd3AtY29udGVudFwvdXBsb2Fkc1wvMjAyMVwvMTJcLzIwMjEwODIwXzA5NTc0OC1zY2FsZWQuanBnIiwic2xpZGVzaG93IjoiNDEzNDYzMWQifQ%3D%3D\" href='https:\/\/simonza.sk\/wp-content\/uploads\/2021\/12\/20210820_095748-scaled.jpg'><img loading=\"lazy\" decoding=\"async\" width=\"2560\" height=\"1920\" src=\"https:\/\/simonza.sk\/wp-content\/uploads\/2021\/12\/20210820_095748-scaled.jpg\" class=\"attachment-full size-full\" alt=\"\" srcset=\"https:\/\/simonza.sk\/wp-content\/uploads\/2021\/12\/20210820_095748-scaled.jpg 2560w, https:\/\/simonza.sk\/wp-content\/uploads\/2021\/12\/20210820_095748-300x225.jpg 300w, https:\/\/simonza.sk\/wp-content\/uploads\/2021\/12\/20210820_095748-1024x768.jpg 1024w, https:\/\/simonza.sk\/wp-content\/uploads\/2021\/12\/20210820_095748-768x576.jpg 768w, https:\/\/simonza.sk\/wp-content\/uploads\/2021\/12\/20210820_095748-1536x1152.jpg 1536w, https:\/\/simonza.sk\/wp-content\/uploads\/2021\/12\/20210820_095748-2048x1536.jpg 2048w\" sizes=\"(max-width: 2560px) 100vw, 2560px\" \/><\/a>\n\t\t\t<\/div><\/figure><figure class='gallery-item'>\n\t\t\t<div class='gallery-icon landscape'>\n\t\t\t\t<a data-elementor-open-lightbox=\"yes\" data-elementor-lightbox-slideshow=\"4134631d\" data-elementor-lightbox-title=\"20210820_095752\" data-e-action-hash=\"#elementor-action%3Aaction%3Dlightbox%26settings%3DeyJpZCI6OTU0LCJ1cmwiOiJodHRwczpcL1wvc2ltb256YS5za1wvd3AtY29udGVudFwvdXBsb2Fkc1wvMjAyMVwvMTJcLzIwMjEwODIwXzA5NTc1Mi1zY2FsZWQuanBnIiwic2xpZGVzaG93IjoiNDEzNDYzMWQifQ%3D%3D\" href='https:\/\/simonza.sk\/wp-content\/uploads\/2021\/12\/20210820_095752-scaled.jpg'><img loading=\"lazy\" decoding=\"async\" width=\"2560\" height=\"1920\" src=\"https:\/\/simonza.sk\/wp-content\/uploads\/2021\/12\/20210820_095752-scaled.jpg\" class=\"attachment-full size-full\" alt=\"\" srcset=\"https:\/\/simonza.sk\/wp-content\/uploads\/2021\/12\/20210820_095752-scaled.jpg 2560w, https:\/\/simonza.sk\/wp-content\/uploads\/2021\/12\/20210820_095752-300x225.jpg 300w, https:\/\/simonza.sk\/wp-content\/uploads\/2021\/12\/20210820_095752-1024x768.jpg 1024w, https:\/\/simonza.sk\/wp-content\/uploads\/2021\/12\/20210820_095752-768x576.jpg 768w, https:\/\/simonza.sk\/wp-content\/uploads\/2021\/12\/20210820_095752-1536x1152.jpg 1536w, https:\/\/simonza.sk\/wp-content\/uploads\/2021\/12\/20210820_095752-2048x1536.jpg 2048w\" sizes=\"(max-width: 2560px) 100vw, 2560px\" \/><\/a>\n\t\t\t<\/div><\/figure><figure class='gallery-item'>\n\t\t\t<div class='gallery-icon landscape'>\n\t\t\t\t<a data-elementor-open-lightbox=\"yes\" data-elementor-lightbox-slideshow=\"4134631d\" data-elementor-lightbox-title=\"20210820_095500\" data-e-action-hash=\"#elementor-action%3Aaction%3Dlightbox%26settings%3DeyJpZCI6OTQ4LCJ1cmwiOiJodHRwczpcL1wvc2ltb256YS5za1wvd3AtY29udGVudFwvdXBsb2Fkc1wvMjAyMVwvMTJcLzIwMjEwODIwXzA5NTUwMC1zY2FsZWQuanBnIiwic2xpZGVzaG93IjoiNDEzNDYzMWQifQ%3D%3D\" href='https:\/\/simonza.sk\/wp-content\/uploads\/2021\/12\/20210820_095500-scaled.jpg'><img loading=\"lazy\" decoding=\"async\" width=\"2560\" height=\"1920\" src=\"https:\/\/simonza.sk\/wp-content\/uploads\/2021\/12\/20210820_095500-scaled.jpg\" class=\"attachment-full size-full\" alt=\"\" srcset=\"https:\/\/simonza.sk\/wp-content\/uploads\/2021\/12\/20210820_095500-scaled.jpg 2560w, https:\/\/simonza.sk\/wp-content\/uploads\/2021\/12\/20210820_095500-300x225.jpg 300w, https:\/\/simonza.sk\/wp-content\/uploads\/2021\/12\/20210820_095500-1024x768.jpg 1024w, https:\/\/simonza.sk\/wp-content\/uploads\/2021\/12\/20210820_095500-768x576.jpg 768w, https:\/\/simonza.sk\/wp-content\/uploads\/2021\/12\/20210820_095500-1536x1152.jpg 1536w, https:\/\/simonza.sk\/wp-content\/uploads\/2021\/12\/20210820_095500-2048x1536.jpg 2048w\" sizes=\"(max-width: 2560px) 100vw, 2560px\" \/><\/a>\n\t\t\t<\/div><\/figure>\n\t\t<\/div>\n\t\t<\/div>\n\t\t\t\t\t\t<\/div>\n\t\t\t\t<\/div>\n\t\t\t\t\t<\/div>\n\t\t<\/div>\n\t\t\t\t\t<\/div>\n\t\t<\/section>\n\t\t\t\t<\/div>","protected":false},"excerpt":{"rendered":"<p>R\u00f4zne formy na \u0161unku V ponuke m\u00e1me r\u00f4zne formy na \u0161unku a na skladan\u00fd bok. Liatinov\u00e9 aj mre\u017eov\u00e9.\u00a0 Rozmery mre\u017eov\u00fdch foriem: Obl\u00fakov\u00e9: \u0161\u00edrka 20 cm x d\u013a\u017eka 44 cm, obd\u013a\u017enikov\u00e9: \u0161\u00edrka 16 cm x d\u013a\u017eka 44 cm Oh\u013eadom ceny na zariadenie n\u00e1m nap\u00ed\u0161te na: office@simonza.sk<\/p>","protected":false},"author":1,"featured_media":0,"parent":0,"menu_order":0,"comment_status":"closed","ping_status":"closed","template":"page-templates\/template-pagebuilder-full-width.php","meta":{"neve_meta_sidebar":"","neve_meta_container":"","neve_meta_enable_content_width":"","neve_meta_content_width":0,"neve_meta_title_alignment":"","neve_meta_author_avatar":"","neve_post_elements_order":"","neve_meta_disable_header":"","neve_meta_disable_footer":"","neve_meta_disable_title":"","footnotes":""},"class_list":["post-946","page","type-page","status-publish","hentry"],"yoast_head":"<!-- This site is optimized with the Yoast SEO plugin v27.4 - https:\/\/yoast.com\/product\/yoast-seo-wordpress\/ -->\n<title>R\u00f4zne formy na \u0161unku - Simonza<\/title>\n<meta name=\"robots\" content=\"noindex, follow\" \/>\n<meta property=\"og:locale\" content=\"en_GB\" \/>\n<meta property=\"og:type\" content=\"article\" \/>\n<meta property=\"og:title\" content=\"R\u00f4zne formy na \u0161unku - Simonza\" \/>\n<meta property=\"og:description\" content=\"R\u00f4zne formy na \u0161unku V ponuke m\u00e1me r\u00f4zne formy na \u0161unku a na skladan\u00fd bok. Liatinov\u00e9 aj mre\u017eov\u00e9.\u00a0 Rozmery mre\u017eov\u00fdch foriem: Obl\u00fakov\u00e9: \u0161\u00edrka 20 cm x d\u013a\u017eka 44 cm, obd\u013a\u017enikov\u00e9: \u0161\u00edrka 16 cm x d\u013a\u017eka 44 cm Oh\u013eadom ceny na zariadenie n\u00e1m nap\u00ed\u0161te na: office@simonza.sk\" \/>\n<meta property=\"og:url\" content=\"https:\/\/simonza.sk\/en\/rozne-formy-na-sunku\/\" \/>\n<meta property=\"og:site_name\" content=\"Simonza\" \/>\n<meta property=\"article:modified_time\" content=\"2022-03-10T11:40:29+00:00\" \/>\n<meta property=\"og:image\" content=\"https:\/\/agfoodstech.sk\/wp-content\/uploads\/2021\/12\/20210820_095559-scaled.jpg\" \/>\n<meta name=\"twitter:card\" content=\"summary_large_image\" \/>\n<meta name=\"twitter:label1\" content=\"Estimated reading time\" \/>\n\t<meta name=\"twitter:data1\" content=\"3 minutes\" \/>\n<script type=\"application\/ld+json\" class=\"yoast-schema-graph\">{\"@context\":\"https:\\\/\\\/schema.org\",\"@graph\":[{\"@type\":\"WebPage\",\"@id\":\"https:\\\/\\\/simonza.sk\\\/rozne-formy-na-sunku\\\/\",\"url\":\"https:\\\/\\\/simonza.sk\\\/rozne-formy-na-sunku\\\/\",\"name\":\"R\u00f4zne formy na \u0161unku - Simonza\",\"isPartOf\":{\"@id\":\"https:\\\/\\\/simonza.sk\\\/#website\"},\"primaryImageOfPage\":{\"@id\":\"https:\\\/\\\/simonza.sk\\\/rozne-formy-na-sunku\\\/#primaryimage\"},\"image\":{\"@id\":\"https:\\\/\\\/simonza.sk\\\/rozne-formy-na-sunku\\\/#primaryimage\"},\"thumbnailUrl\":\"https:\\\/\\\/agfoodstech.sk\\\/wp-content\\\/uploads\\\/2021\\\/12\\\/20210820_095559-scaled.jpg\",\"datePublished\":\"2021-12-17T08:32:23+00:00\",\"dateModified\":\"2022-03-10T11:40:29+00:00\",\"breadcrumb\":{\"@id\":\"https:\\\/\\\/simonza.sk\\\/rozne-formy-na-sunku\\\/#breadcrumb\"},\"inLanguage\":\"en-GB\",\"potentialAction\":[{\"@type\":\"ReadAction\",\"target\":[\"https:\\\/\\\/simonza.sk\\\/rozne-formy-na-sunku\\\/\"]}]},{\"@type\":\"ImageObject\",\"inLanguage\":\"en-GB\",\"@id\":\"https:\\\/\\\/simonza.sk\\\/rozne-formy-na-sunku\\\/#primaryimage\",\"url\":\"https:\\\/\\\/agfoodstech.sk\\\/wp-content\\\/uploads\\\/2021\\\/12\\\/20210820_095559-scaled.jpg\",\"contentUrl\":\"https:\\\/\\\/agfoodstech.sk\\\/wp-content\\\/uploads\\\/2021\\\/12\\\/20210820_095559-scaled.jpg\"},{\"@type\":\"BreadcrumbList\",\"@id\":\"https:\\\/\\\/simonza.sk\\\/rozne-formy-na-sunku\\\/#breadcrumb\",\"itemListElement\":[{\"@type\":\"ListItem\",\"position\":1,\"name\":\"Domovsk\u00e1 str\u00e1nka\",\"item\":\"https:\\\/\\\/simonza.sk\\\/\"},{\"@type\":\"ListItem\",\"position\":2,\"name\":\"R\u00f4zne formy na \u0161unku\"}]},{\"@type\":\"WebSite\",\"@id\":\"https:\\\/\\\/simonza.sk\\\/#website\",\"url\":\"https:\\\/\\\/simonza.sk\\\/\",\"name\":\"Simonza\",\"description\":\"\",\"publisher\":{\"@id\":\"https:\\\/\\\/simonza.sk\\\/#organization\"},\"potentialAction\":[{\"@type\":\"SearchAction\",\"target\":{\"@type\":\"EntryPoint\",\"urlTemplate\":\"https:\\\/\\\/simonza.sk\\\/?s={search_term_string}\"},\"query-input\":{\"@type\":\"PropertyValueSpecification\",\"valueRequired\":true,\"valueName\":\"search_term_string\"}}],\"inLanguage\":\"en-GB\"},{\"@type\":\"Organization\",\"@id\":\"https:\\\/\\\/simonza.sk\\\/#organization\",\"name\":\"SIMONZA s.r.o.\",\"url\":\"https:\\\/\\\/simonza.sk\\\/\",\"logo\":{\"@type\":\"ImageObject\",\"inLanguage\":\"en-GB\",\"@id\":\"https:\\\/\\\/simonza.sk\\\/#\\\/schema\\\/logo\\\/image\\\/\",\"url\":\"https:\\\/\\\/simonza.sk\\\/wp-content\\\/uploads\\\/2022\\\/03\\\/Simonza-Adobe-Gurmukh-bold-PNG.png\",\"contentUrl\":\"https:\\\/\\\/simonza.sk\\\/wp-content\\\/uploads\\\/2022\\\/03\\\/Simonza-Adobe-Gurmukh-bold-PNG.png\",\"width\":2835,\"height\":2835,\"caption\":\"SIMONZA s.r.o.\"},\"image\":{\"@id\":\"https:\\\/\\\/simonza.sk\\\/#\\\/schema\\\/logo\\\/image\\\/\"}}]}<\/script>\n<!-- \/ Yoast SEO plugin. -->","yoast_head_json":{"title":"R\u00f4zne formy na \u0161unku - Simonza","robots":{"index":"noindex","follow":"follow"},"og_locale":"en_GB","og_type":"article","og_title":"R\u00f4zne formy na \u0161unku - Simonza","og_description":"R\u00f4zne formy na \u0161unku V ponuke m\u00e1me r\u00f4zne formy na \u0161unku a na skladan\u00fd bok. Liatinov\u00e9 aj mre\u017eov\u00e9.\u00a0 Rozmery mre\u017eov\u00fdch foriem: Obl\u00fakov\u00e9: \u0161\u00edrka 20 cm x d\u013a\u017eka 44 cm, obd\u013a\u017enikov\u00e9: \u0161\u00edrka 16 cm x d\u013a\u017eka 44 cm Oh\u013eadom ceny na zariadenie n\u00e1m nap\u00ed\u0161te na: office@simonza.sk","og_url":"https:\/\/simonza.sk\/en\/rozne-formy-na-sunku\/","og_site_name":"Simonza","article_modified_time":"2022-03-10T11:40:29+00:00","og_image":[{"url":"https:\/\/agfoodstech.sk\/wp-content\/uploads\/2021\/12\/20210820_095559-scaled.jpg","type":"","width":"","height":""}],"twitter_card":"summary_large_image","twitter_misc":{"Estimated reading time":"3 minutes"},"schema":{"@context":"https:\/\/schema.org","@graph":[{"@type":"WebPage","@id":"https:\/\/simonza.sk\/rozne-formy-na-sunku\/","url":"https:\/\/simonza.sk\/rozne-formy-na-sunku\/","name":"R\u00f4zne formy na \u0161unku - Simonza","isPartOf":{"@id":"https:\/\/simonza.sk\/#website"},"primaryImageOfPage":{"@id":"https:\/\/simonza.sk\/rozne-formy-na-sunku\/#primaryimage"},"image":{"@id":"https:\/\/simonza.sk\/rozne-formy-na-sunku\/#primaryimage"},"thumbnailUrl":"https:\/\/agfoodstech.sk\/wp-content\/uploads\/2021\/12\/20210820_095559-scaled.jpg","datePublished":"2021-12-17T08:32:23+00:00","dateModified":"2022-03-10T11:40:29+00:00","breadcrumb":{"@id":"https:\/\/simonza.sk\/rozne-formy-na-sunku\/#breadcrumb"},"inLanguage":"en-GB","potentialAction":[{"@type":"ReadAction","target":["https:\/\/simonza.sk\/rozne-formy-na-sunku\/"]}]},{"@type":"ImageObject","inLanguage":"en-GB","@id":"https:\/\/simonza.sk\/rozne-formy-na-sunku\/#primaryimage","url":"https:\/\/agfoodstech.sk\/wp-content\/uploads\/2021\/12\/20210820_095559-scaled.jpg","contentUrl":"https:\/\/agfoodstech.sk\/wp-content\/uploads\/2021\/12\/20210820_095559-scaled.jpg"},{"@type":"BreadcrumbList","@id":"https:\/\/simonza.sk\/rozne-formy-na-sunku\/#breadcrumb","itemListElement":[{"@type":"ListItem","position":1,"name":"Domovsk\u00e1 str\u00e1nka","item":"https:\/\/simonza.sk\/"},{"@type":"ListItem","position":2,"name":"R\u00f4zne formy na \u0161unku"}]},{"@type":"WebSite","@id":"https:\/\/simonza.sk\/#website","url":"https:\/\/simonza.sk\/","name":"Simonza","description":"","publisher":{"@id":"https:\/\/simonza.sk\/#organization"},"potentialAction":[{"@type":"SearchAction","target":{"@type":"EntryPoint","urlTemplate":"https:\/\/simonza.sk\/?s={search_term_string}"},"query-input":{"@type":"PropertyValueSpecification","valueRequired":true,"valueName":"search_term_string"}}],"inLanguage":"en-GB"},{"@type":"Organization","@id":"https:\/\/simonza.sk\/#organization","name":"SIMONZA s.r.o.","url":"https:\/\/simonza.sk\/","logo":{"@type":"ImageObject","inLanguage":"en-GB","@id":"https:\/\/simonza.sk\/#\/schema\/logo\/image\/","url":"https:\/\/simonza.sk\/wp-content\/uploads\/2022\/03\/Simonza-Adobe-Gurmukh-bold-PNG.png","contentUrl":"https:\/\/simonza.sk\/wp-content\/uploads\/2022\/03\/Simonza-Adobe-Gurmukh-bold-PNG.png","width":2835,"height":2835,"caption":"SIMONZA s.r.o."},"image":{"@id":"https:\/\/simonza.sk\/#\/schema\/logo\/image\/"}}]}},"_links":{"self":[{"href":"https:\/\/simonza.sk\/en\/wp-json\/wp\/v2\/pages\/946","targetHints":{"allow":["GET"]}}],"collection":[{"href":"https:\/\/simonza.sk\/en\/wp-json\/wp\/v2\/pages"}],"about":[{"href":"https:\/\/simonza.sk\/en\/wp-json\/wp\/v2\/types\/page"}],"author":[{"embeddable":true,"href":"https:\/\/simonza.sk\/en\/wp-json\/wp\/v2\/users\/1"}],"replies":[{"embeddable":true,"href":"https:\/\/simonza.sk\/en\/wp-json\/wp\/v2\/comments?post=946"}],"version-history":[{"count":10,"href":"https:\/\/simonza.sk\/en\/wp-json\/wp\/v2\/pages\/946\/revisions"}],"predecessor-version":[{"id":1424,"href":"https:\/\/simonza.sk\/en\/wp-json\/wp\/v2\/pages\/946\/revisions\/1424"}],"wp:attachment":[{"href":"https:\/\/simonza.sk\/en\/wp-json\/wp\/v2\/media?parent=946"}],"curies":[{"name":"wp","href":"https:\/\/api.w.org\/{rel}","templated":true}]}}