{"id":89,"date":"2021-10-25T12:07:28","date_gmt":"2021-10-25T10:07:28","guid":{"rendered":"https:\/\/agfoodstech.sk\/?page_id=89"},"modified":"2023-01-31T08:21:32","modified_gmt":"2023-01-31T07:21:32","slug":"o-nas","status":"publish","type":"page","link":"https:\/\/simonza.sk\/en\/o-nas\/","title":{"rendered":"About us"},"content":{"rendered":"<div data-elementor-type=\"wp-page\" data-elementor-id=\"89\" class=\"elementor elementor-89\">\n\t\t\t\t\t\t<section class=\"elementor-section elementor-top-section elementor-element elementor-element-39f1d90 elementor-section-height-min-height elementor-section-items-stretch elementor-section-stretched elementor-section-boxed elementor-section-height-default\" data-id=\"39f1d90\" data-element_type=\"section\" data-e-type=\"section\" data-settings=\"{&quot;background_background&quot;:&quot;classic&quot;,&quot;stretch_section&quot;:&quot;section-stretched&quot;}\">\n\t\t\t\t\t\t<div class=\"elementor-container elementor-column-gap-default\">\n\t\t\t\t\t<div class=\"elementor-column elementor-col-100 elementor-top-column elementor-element elementor-element-659226e2\" data-id=\"659226e2\" data-element_type=\"column\" data-e-type=\"column\">\n\t\t\t<div class=\"elementor-widget-wrap\">\n\t\t\t\t\t\t\t<\/div>\n\t\t<\/div>\n\t\t\t\t\t<\/div>\n\t\t<\/section>\n\t\t\t\t<section class=\"elementor-section elementor-top-section elementor-element elementor-element-38e6df77 elementor-section-stretched elementor-section-boxed elementor-section-height-default elementor-section-height-default\" data-id=\"38e6df77\" data-element_type=\"section\" data-e-type=\"section\" data-settings=\"{&quot;stretch_section&quot;:&quot;section-stretched&quot;,&quot;background_background&quot;:&quot;classic&quot;}\">\n\t\t\t\t\t\t<div class=\"elementor-container elementor-column-gap-no\">\n\t\t\t\t\t<div class=\"elementor-column elementor-col-100 elementor-top-column elementor-element elementor-element-3cda6c21\" data-id=\"3cda6c21\" data-element_type=\"column\" data-e-type=\"column\">\n\t\t\t<div class=\"elementor-widget-wrap elementor-element-populated\">\n\t\t\t\t\t\t<div class=\"elementor-element elementor-element-2501b6 elementor-widget elementor-widget-heading\" data-id=\"2501b6\" data-element_type=\"widget\" data-e-type=\"widget\" data-widget_type=\"heading.default\">\n\t\t\t\t<div class=\"elementor-widget-container\">\n\t\t\t\t\t<h2 class=\"elementor-heading-title elementor-size-large\">WEBSITE UNDER CONSTRUCTION<\/h2>\t\t\t\t<\/div>\n\t\t\t\t<\/div>\n\t\t\t\t\t<\/div>\n\t\t<\/div>\n\t\t\t\t\t<\/div>\n\t\t<\/section>\n\t\t\t\t<section class=\"elementor-section elementor-top-section elementor-element elementor-element-40a79cb3 elementor-section-height-min-height elementor-section-content-middle elementor-section-stretched elementor-section-boxed elementor-section-height-default elementor-section-items-middle\" data-id=\"40a79cb3\" data-element_type=\"section\" data-e-type=\"section\" data-settings=\"{&quot;background_background&quot;:&quot;classic&quot;,&quot;stretch_section&quot;:&quot;section-stretched&quot;}\">\n\t\t\t\t\t\t<div class=\"elementor-container elementor-column-gap-default\">\n\t\t\t\t\t<div class=\"elementor-column elementor-col-33 elementor-top-column elementor-element elementor-element-12e08cd8\" data-id=\"12e08cd8\" data-element_type=\"column\" data-e-type=\"column\">\n\t\t\t<div class=\"elementor-widget-wrap elementor-element-populated\">\n\t\t\t\t\t\t<div class=\"elementor-element elementor-element-511492f7 elementor-widget elementor-widget-image\" data-id=\"511492f7\" data-element_type=\"widget\" data-e-type=\"widget\" data-widget_type=\"image.default\">\n\t\t\t\t<div class=\"elementor-widget-container\">\n\t\t\t\t\t\t\t\t\t\t\t\t\t\t\t<img decoding=\"async\" src=\"https:\/\/simonza.sk\/wp-content\/uploads\/2023\/01\/Simonza_Logo.png\" title=\"\" alt=\"\" loading=\"lazy\" \/>\t\t\t\t\t\t\t\t\t\t\t\t\t\t\t<\/div>\n\t\t\t\t<\/div>\n\t\t\t\t<div class=\"elementor-element elementor-element-4fd4fe93 elementor-widget elementor-widget-testimonial\" data-id=\"4fd4fe93\" data-element_type=\"widget\" data-e-type=\"widget\" data-widget_type=\"testimonial.default\">\n\t\t\t\t<div class=\"elementor-widget-container\">\n\t\t\t\t\t\t\t<div class=\"elementor-testimonial-wrapper\">\n\t\t\t\t\t\t\t<div class=\"elementor-testimonial-content\">SIMONZA s.r.o.<br>office@simonza.sk<br>+421 907 904 130<\/div>\n\t\t\t\n\t\t\t\t\t<\/div>\n\t\t\t\t\t\t<\/div>\n\t\t\t\t<\/div>\n\t\t\t\t\t<\/div>\n\t\t<\/div>\n\t\t\t\t<div class=\"elementor-column elementor-col-33 elementor-top-column elementor-element elementor-element-6e800db0\" data-id=\"6e800db0\" data-element_type=\"column\" data-e-type=\"column\">\n\t\t\t<div class=\"elementor-widget-wrap\">\n\t\t\t\t\t\t\t<\/div>\n\t\t<\/div>\n\t\t\t\t<div class=\"elementor-column elementor-col-33 elementor-top-column elementor-element elementor-element-60788cd8\" data-id=\"60788cd8\" data-element_type=\"column\" data-e-type=\"column\">\n\t\t\t<div class=\"elementor-widget-wrap elementor-element-populated\">\n\t\t\t\t\t\t\t<\/div>\n\t\t<\/div>\n\t\t\t\t\t<\/div>\n\t\t<\/section>\n\t\t\t\t<\/div>","protected":false},"excerpt":{"rendered":"<p>NA STR\u00c1NKE SA PRACUJE SIMONZA s.r.o.office@simonza.sk+421 907 904 130<\/p>","protected":false},"author":1,"featured_media":0,"parent":0,"menu_order":0,"comment_status":"closed","ping_status":"closed","template":"page-templates\/template-pagebuilder-full-width.php","meta":{"neve_meta_sidebar":"","neve_meta_container":"","neve_meta_enable_content_width":"","neve_meta_content_width":0,"neve_meta_title_alignment":"","neve_meta_author_avatar":"","neve_post_elements_order":"","neve_meta_disable_header":"","neve_meta_disable_footer":"","neve_meta_disable_title":"","footnotes":""},"class_list":["post-89","page","type-page","status-publish","hentry"],"yoast_head":"<!-- This site is optimized with the Yoast SEO plugin v27.5 - https:\/\/yoast.com\/product\/yoast-seo-wordpress\/ -->\n<title>O n\u00e1s - Simonza<\/title>\n<meta name=\"robots\" content=\"noindex, follow\" \/>\n<meta property=\"og:locale\" content=\"en_GB\" \/>\n<meta property=\"og:type\" content=\"article\" \/>\n<meta property=\"og:title\" content=\"O n\u00e1s - Simonza\" \/>\n<meta property=\"og:description\" content=\"NA STR\u00c1NKE SA PRACUJE SIMONZA s.r.o.office@simonza.sk+421 907 904 130\" \/>\n<meta property=\"og:url\" content=\"https:\/\/simonza.sk\/en\/o-nas\/\" \/>\n<meta property=\"og:site_name\" content=\"Simonza\" \/>\n<meta property=\"article:modified_time\" content=\"2023-01-31T07:21:32+00:00\" \/>\n<meta property=\"og:image\" content=\"https:\/\/simonza.sk\/wp-content\/uploads\/2023\/01\/Simonza_Logo-1024x1024.png\" \/>\n<meta name=\"twitter:card\" content=\"summary_large_image\" \/>\n<meta name=\"twitter:label1\" content=\"Estimated reading time\" \/>\n\t<meta name=\"twitter:data1\" content=\"1 minute\" \/>\n<script type=\"application\/ld+json\" class=\"yoast-schema-graph\">{\"@context\":\"https:\\\/\\\/schema.org\",\"@graph\":[{\"@type\":\"WebPage\",\"@id\":\"https:\\\/\\\/simonza.sk\\\/o-nas\\\/\",\"url\":\"https:\\\/\\\/simonza.sk\\\/o-nas\\\/\",\"name\":\"O n\u00e1s - Simonza\",\"isPartOf\":{\"@id\":\"https:\\\/\\\/simonza.sk\\\/#website\"},\"primaryImageOfPage\":{\"@id\":\"https:\\\/\\\/simonza.sk\\\/o-nas\\\/#primaryimage\"},\"image\":{\"@id\":\"https:\\\/\\\/simonza.sk\\\/o-nas\\\/#primaryimage\"},\"thumbnailUrl\":\"https:\\\/\\\/simonza.sk\\\/wp-content\\\/uploads\\\/2023\\\/01\\\/Simonza_Logo-1024x1024.png\",\"datePublished\":\"2021-10-25T10:07:28+00:00\",\"dateModified\":\"2023-01-31T07:21:32+00:00\",\"breadcrumb\":{\"@id\":\"https:\\\/\\\/simonza.sk\\\/o-nas\\\/#breadcrumb\"},\"inLanguage\":\"en-GB\",\"potentialAction\":[{\"@type\":\"ReadAction\",\"target\":[\"https:\\\/\\\/simonza.sk\\\/o-nas\\\/\"]}]},{\"@type\":\"ImageObject\",\"inLanguage\":\"en-GB\",\"@id\":\"https:\\\/\\\/simonza.sk\\\/o-nas\\\/#primaryimage\",\"url\":\"https:\\\/\\\/simonza.sk\\\/wp-content\\\/uploads\\\/2023\\\/01\\\/Simonza_Logo-1024x1024.png\",\"contentUrl\":\"https:\\\/\\\/simonza.sk\\\/wp-content\\\/uploads\\\/2023\\\/01\\\/Simonza_Logo-1024x1024.png\"},{\"@type\":\"BreadcrumbList\",\"@id\":\"https:\\\/\\\/simonza.sk\\\/o-nas\\\/#breadcrumb\",\"itemListElement\":[{\"@type\":\"ListItem\",\"position\":1,\"name\":\"Domovsk\u00e1 str\u00e1nka\",\"item\":\"https:\\\/\\\/simonza.sk\\\/\"},{\"@type\":\"ListItem\",\"position\":2,\"name\":\"O n\u00e1s\"}]},{\"@type\":\"WebSite\",\"@id\":\"https:\\\/\\\/simonza.sk\\\/#website\",\"url\":\"https:\\\/\\\/simonza.sk\\\/\",\"name\":\"Simonza\",\"description\":\"\",\"publisher\":{\"@id\":\"https:\\\/\\\/simonza.sk\\\/#organization\"},\"potentialAction\":[{\"@type\":\"SearchAction\",\"target\":{\"@type\":\"EntryPoint\",\"urlTemplate\":\"https:\\\/\\\/simonza.sk\\\/?s={search_term_string}\"},\"query-input\":{\"@type\":\"PropertyValueSpecification\",\"valueRequired\":true,\"valueName\":\"search_term_string\"}}],\"inLanguage\":\"en-GB\"},{\"@type\":\"Organization\",\"@id\":\"https:\\\/\\\/simonza.sk\\\/#organization\",\"name\":\"SIMONZA s.r.o.\",\"url\":\"https:\\\/\\\/simonza.sk\\\/\",\"logo\":{\"@type\":\"ImageObject\",\"inLanguage\":\"en-GB\",\"@id\":\"https:\\\/\\\/simonza.sk\\\/#\\\/schema\\\/logo\\\/image\\\/\",\"url\":\"https:\\\/\\\/simonza.sk\\\/wp-content\\\/uploads\\\/2022\\\/03\\\/Simonza-Adobe-Gurmukh-bold-PNG.png\",\"contentUrl\":\"https:\\\/\\\/simonza.sk\\\/wp-content\\\/uploads\\\/2022\\\/03\\\/Simonza-Adobe-Gurmukh-bold-PNG.png\",\"width\":2835,\"height\":2835,\"caption\":\"SIMONZA s.r.o.\"},\"image\":{\"@id\":\"https:\\\/\\\/simonza.sk\\\/#\\\/schema\\\/logo\\\/image\\\/\"}}]}<\/script>\n<!-- \/ Yoast SEO plugin. -->","yoast_head_json":{"title":"O n\u00e1s - Simonza","robots":{"index":"noindex","follow":"follow"},"og_locale":"en_GB","og_type":"article","og_title":"O n\u00e1s - Simonza","og_description":"NA STR\u00c1NKE SA PRACUJE SIMONZA s.r.o.office@simonza.sk+421 907 904 130","og_url":"https:\/\/simonza.sk\/en\/o-nas\/","og_site_name":"Simonza","article_modified_time":"2023-01-31T07:21:32+00:00","og_image":[{"url":"https:\/\/simonza.sk\/wp-content\/uploads\/2023\/01\/Simonza_Logo-1024x1024.png","type":"","width":"","height":""}],"twitter_card":"summary_large_image","twitter_misc":{"Estimated reading time":"1 minute"},"schema":{"@context":"https:\/\/schema.org","@graph":[{"@type":"WebPage","@id":"https:\/\/simonza.sk\/o-nas\/","url":"https:\/\/simonza.sk\/o-nas\/","name":"O n\u00e1s - Simonza","isPartOf":{"@id":"https:\/\/simonza.sk\/#website"},"primaryImageOfPage":{"@id":"https:\/\/simonza.sk\/o-nas\/#primaryimage"},"image":{"@id":"https:\/\/simonza.sk\/o-nas\/#primaryimage"},"thumbnailUrl":"https:\/\/simonza.sk\/wp-content\/uploads\/2023\/01\/Simonza_Logo-1024x1024.png","datePublished":"2021-10-25T10:07:28+00:00","dateModified":"2023-01-31T07:21:32+00:00","breadcrumb":{"@id":"https:\/\/simonza.sk\/o-nas\/#breadcrumb"},"inLanguage":"en-GB","potentialAction":[{"@type":"ReadAction","target":["https:\/\/simonza.sk\/o-nas\/"]}]},{"@type":"ImageObject","inLanguage":"en-GB","@id":"https:\/\/simonza.sk\/o-nas\/#primaryimage","url":"https:\/\/simonza.sk\/wp-content\/uploads\/2023\/01\/Simonza_Logo-1024x1024.png","contentUrl":"https:\/\/simonza.sk\/wp-content\/uploads\/2023\/01\/Simonza_Logo-1024x1024.png"},{"@type":"BreadcrumbList","@id":"https:\/\/simonza.sk\/o-nas\/#breadcrumb","itemListElement":[{"@type":"ListItem","position":1,"name":"Domovsk\u00e1 str\u00e1nka","item":"https:\/\/simonza.sk\/"},{"@type":"ListItem","position":2,"name":"O n\u00e1s"}]},{"@type":"WebSite","@id":"https:\/\/simonza.sk\/#website","url":"https:\/\/simonza.sk\/","name":"Simonza","description":"","publisher":{"@id":"https:\/\/simonza.sk\/#organization"},"potentialAction":[{"@type":"SearchAction","target":{"@type":"EntryPoint","urlTemplate":"https:\/\/simonza.sk\/?s={search_term_string}"},"query-input":{"@type":"PropertyValueSpecification","valueRequired":true,"valueName":"search_term_string"}}],"inLanguage":"en-GB"},{"@type":"Organization","@id":"https:\/\/simonza.sk\/#organization","name":"SIMONZA s.r.o.","url":"https:\/\/simonza.sk\/","logo":{"@type":"ImageObject","inLanguage":"en-GB","@id":"https:\/\/simonza.sk\/#\/schema\/logo\/image\/","url":"https:\/\/simonza.sk\/wp-content\/uploads\/2022\/03\/Simonza-Adobe-Gurmukh-bold-PNG.png","contentUrl":"https:\/\/simonza.sk\/wp-content\/uploads\/2022\/03\/Simonza-Adobe-Gurmukh-bold-PNG.png","width":2835,"height":2835,"caption":"SIMONZA s.r.o."},"image":{"@id":"https:\/\/simonza.sk\/#\/schema\/logo\/image\/"}}]}},"_links":{"self":[{"href":"https:\/\/simonza.sk\/en\/wp-json\/wp\/v2\/pages\/89","targetHints":{"allow":["GET"]}}],"collection":[{"href":"https:\/\/simonza.sk\/en\/wp-json\/wp\/v2\/pages"}],"about":[{"href":"https:\/\/simonza.sk\/en\/wp-json\/wp\/v2\/types\/page"}],"author":[{"embeddable":true,"href":"https:\/\/simonza.sk\/en\/wp-json\/wp\/v2\/users\/1"}],"replies":[{"embeddable":true,"href":"https:\/\/simonza.sk\/en\/wp-json\/wp\/v2\/comments?post=89"}],"version-history":[{"count":41,"href":"https:\/\/simonza.sk\/en\/wp-json\/wp\/v2\/pages\/89\/revisions"}],"predecessor-version":[{"id":1964,"href":"https:\/\/simonza.sk\/en\/wp-json\/wp\/v2\/pages\/89\/revisions\/1964"}],"wp:attachment":[{"href":"https:\/\/simonza.sk\/en\/wp-json\/wp\/v2\/media?parent=89"}],"curies":[{"name":"wp","href":"https:\/\/api.w.org\/{rel}","templated":true}]}}