{"id":27,"date":"2021-10-25T09:30:08","date_gmt":"2021-10-25T07:30:08","guid":{"rendered":"https:\/\/agfoodstech.sk\/?page_id=27"},"modified":"2023-05-26T14:07:58","modified_gmt":"2023-05-26T12:07:58","slug":"uvod","status":"publish","type":"page","link":"https:\/\/simonza.sk\/en\/","title":{"rendered":"\u00davod"},"content":{"rendered":"<div data-elementor-type=\"wp-page\" data-elementor-id=\"27\" class=\"elementor elementor-27\">\n\t\t\t\t\t\t<section class=\"elementor-section elementor-top-section elementor-element elementor-element-1ae3435a elementor-section-height-min-height elementor-section-items-stretch elementor-section-stretched elementor-section-boxed elementor-section-height-default\" data-id=\"1ae3435a\" data-element_type=\"section\" data-e-type=\"section\" data-settings=\"{&quot;background_background&quot;:&quot;classic&quot;,&quot;stretch_section&quot;:&quot;section-stretched&quot;}\">\n\t\t\t\t\t\t<div class=\"elementor-container elementor-column-gap-default\">\n\t\t\t\t\t<div class=\"elementor-column elementor-col-100 elementor-top-column elementor-element elementor-element-4a8c002d\" data-id=\"4a8c002d\" data-element_type=\"column\" data-e-type=\"column\">\n\t\t\t<div class=\"elementor-widget-wrap elementor-element-populated\">\n\t\t\t\t\t\t<div class=\"elementor-element elementor-element-57b88e1a elementor-widget elementor-widget-heading\" data-id=\"57b88e1a\" data-element_type=\"widget\" data-e-type=\"widget\" data-widget_type=\"heading.default\">\n\t\t\t\t<div class=\"elementor-widget-container\">\n\t\t\t\t\t<h2 class=\"elementor-heading-title elementor-size-small\">we are on your way<\/h2>\t\t\t\t<\/div>\n\t\t\t\t<\/div>\n\t\t\t\t<div class=\"elementor-element elementor-element-5b6b6ba5 elementor-widget elementor-widget-text-editor\" data-id=\"5b6b6ba5\" data-element_type=\"widget\" data-e-type=\"widget\" data-widget_type=\"text-editor.default\">\n\t\t\t\t<div class=\"elementor-widget-container\">\n\t\t\t\t\t\t\t\t\t<p>In our offer you will find a wide range of machines and accessories for the food industry. Our main goal is to satisfy even the most demanding requirements of our customers by supplying high-quality and functional machines. In our portfolio you will find new and used machines and we also offer machine service.\u00a0<\/p>\t\t\t\t\t\t\t\t<\/div>\n\t\t\t\t<\/div>\n\t\t\t\t<div class=\"elementor-element elementor-element-6079f8a elementor-widget elementor-widget-button\" data-id=\"6079f8a\" data-element_type=\"widget\" data-e-type=\"widget\" data-widget_type=\"button.default\">\n\t\t\t\t<div class=\"elementor-widget-container\">\n\t\t\t\t\t\t\t\t\t<div class=\"elementor-button-wrapper\">\n\t\t\t\t\t<a class=\"elementor-button elementor-button-link elementor-size-sm\" href=\"https:\/\/simonza.sk\/en\/nase-stroje\/\">\n\t\t\t\t\t\t<span class=\"elementor-button-content-wrapper\">\n\t\t\t\t\t\t\t\t\t<span class=\"elementor-button-text\">view our offer<\/span>\n\t\t\t\t\t<\/span>\n\t\t\t\t\t<\/a>\n\t\t\t\t<\/div>\n\t\t\t\t\t\t\t\t<\/div>\n\t\t\t\t<\/div>\n\t\t\t\t\t<\/div>\n\t\t<\/div>\n\t\t\t\t\t<\/div>\n\t\t<\/section>\n\t\t\t\t<section class=\"elementor-section elementor-top-section elementor-element elementor-element-3ac2e033 elementor-section-stretched elementor-section-boxed elementor-section-height-default elementor-section-height-default\" data-id=\"3ac2e033\" data-element_type=\"section\" data-e-type=\"section\" data-settings=\"{&quot;stretch_section&quot;:&quot;section-stretched&quot;,&quot;background_background&quot;:&quot;classic&quot;}\">\n\t\t\t\t\t\t<div class=\"elementor-container elementor-column-gap-no\">\n\t\t\t\t\t<div class=\"elementor-column elementor-col-100 elementor-top-column elementor-element elementor-element-42ebb073\" data-id=\"42ebb073\" data-element_type=\"column\" data-e-type=\"column\">\n\t\t\t<div class=\"elementor-widget-wrap elementor-element-populated\">\n\t\t\t\t\t\t<div class=\"elementor-element elementor-element-2343e551 elementor-widget elementor-widget-heading\" data-id=\"2343e551\" data-element_type=\"widget\" data-e-type=\"widget\" data-widget_type=\"heading.default\">\n\t\t\t\t<div class=\"elementor-widget-container\">\n\t\t\t\t\t<h2 class=\"elementor-heading-title elementor-size-large\">OUR MACHINES<\/h2>\t\t\t\t<\/div>\n\t\t\t\t<\/div>\n\t\t\t\t\t<\/div>\n\t\t<\/div>\n\t\t\t\t\t<\/div>\n\t\t<\/section>\n\t\t\t\t<section class=\"elementor-section elementor-top-section elementor-element elementor-element-7b741cb1 elementor-section-stretched elementor-section-boxed elementor-section-height-default elementor-section-height-default\" data-id=\"7b741cb1\" data-element_type=\"section\" data-e-type=\"section\" data-settings=\"{&quot;stretch_section&quot;:&quot;section-stretched&quot;,&quot;background_background&quot;:&quot;classic&quot;}\">\n\t\t\t\t\t\t<div class=\"elementor-container elementor-column-gap-default\">\n\t\t\t\t\t<div class=\"elementor-column elementor-col-50 elementor-top-column elementor-element elementor-element-4a96b945\" data-id=\"4a96b945\" data-element_type=\"column\" data-e-type=\"column\">\n\t\t\t<div class=\"elementor-widget-wrap elementor-element-populated\">\n\t\t\t\t\t\t<div class=\"elementor-element elementor-element-9c32cd5 elementor-widget elementor-widget-image\" data-id=\"9c32cd5\" data-element_type=\"widget\" data-e-type=\"widget\" data-widget_type=\"image.default\">\n\t\t\t\t<div class=\"elementor-widget-container\">\n\t\t\t\t\t\t\t\t\t\t\t\t\t\t\t\t<a href=\"https:\/\/simonza.sk\/en\/pouzite-stroje\/\">\n\t\t\t\t\t\t\t<img fetchpriority=\"high\" decoding=\"async\" width=\"689\" height=\"477\" src=\"https:\/\/simonza.sk\/wp-content\/uploads\/2021\/10\/Obrazok1.jpg\" class=\"attachment-full size-full wp-image-204\" alt=\"\" srcset=\"https:\/\/simonza.sk\/wp-content\/uploads\/2021\/10\/Obrazok1.jpg 689w, https:\/\/simonza.sk\/wp-content\/uploads\/2021\/10\/Obrazok1-300x208.jpg 300w\" sizes=\"(max-width: 689px) 100vw, 689px\" \/>\t\t\t\t\t\t\t\t<\/a>\n\t\t\t\t\t\t\t\t\t\t\t\t\t\t\t<\/div>\n\t\t\t\t<\/div>\n\t\t\t\t<div class=\"elementor-element elementor-element-75e916e elementor-widget elementor-widget-heading\" data-id=\"75e916e\" data-element_type=\"widget\" data-e-type=\"widget\" data-widget_type=\"heading.default\">\n\t\t\t\t<div class=\"elementor-widget-container\">\n\t\t\t\t\t<h2 class=\"elementor-heading-title elementor-size-default\"><a href=\"https:\/\/simonza.sk\/en\/pouzite-stroje\/\">used machines<\/a><\/h2>\t\t\t\t<\/div>\n\t\t\t\t<\/div>\n\t\t\t\t\t<\/div>\n\t\t<\/div>\n\t\t\t\t<div class=\"elementor-column elementor-col-50 elementor-top-column elementor-element elementor-element-f29bbd9\" data-id=\"f29bbd9\" data-element_type=\"column\" data-e-type=\"column\">\n\t\t\t<div class=\"elementor-widget-wrap elementor-element-populated\">\n\t\t\t\t\t\t<div class=\"elementor-element elementor-element-2f7f2e5 elementor-widget elementor-widget-image\" data-id=\"2f7f2e5\" data-element_type=\"widget\" data-e-type=\"widget\" data-widget_type=\"image.default\">\n\t\t\t\t<div class=\"elementor-widget-container\">\n\t\t\t\t\t\t\t\t\t\t\t\t\t\t\t\t<a href=\"https:\/\/simonza.sk\/en\/nove-stroje\/\">\n\t\t\t\t\t\t\t<img decoding=\"async\" width=\"689\" height=\"477\" src=\"https:\/\/simonza.sk\/wp-content\/uploads\/2021\/10\/Obrazok2.jpg\" class=\"attachment-full size-full wp-image-205\" alt=\"\" srcset=\"https:\/\/simonza.sk\/wp-content\/uploads\/2021\/10\/Obrazok2.jpg 689w, https:\/\/simonza.sk\/wp-content\/uploads\/2021\/10\/Obrazok2-300x208.jpg 300w\" sizes=\"(max-width: 689px) 100vw, 689px\" \/>\t\t\t\t\t\t\t\t<\/a>\n\t\t\t\t\t\t\t\t\t\t\t\t\t\t\t<\/div>\n\t\t\t\t<\/div>\n\t\t\t\t<div class=\"elementor-element elementor-element-505e5cd elementor-widget elementor-widget-heading\" data-id=\"505e5cd\" data-element_type=\"widget\" data-e-type=\"widget\" data-widget_type=\"heading.default\">\n\t\t\t\t<div class=\"elementor-widget-container\">\n\t\t\t\t\t<h2 class=\"elementor-heading-title elementor-size-default\"><a href=\"https:\/\/simonza.sk\/en\/nove-stroje\/\">new machines<\/a><\/h2>\t\t\t\t<\/div>\n\t\t\t\t<\/div>\n\t\t\t\t\t<\/div>\n\t\t<\/div>\n\t\t\t\t\t<\/div>\n\t\t<\/section>\n\t\t\t\t<section class=\"elementor-section elementor-top-section elementor-element elementor-element-286e86e elementor-section-height-min-height elementor-section-content-middle elementor-section-stretched elementor-section-boxed elementor-section-height-default elementor-section-items-middle\" data-id=\"286e86e\" data-element_type=\"section\" data-e-type=\"section\" data-settings=\"{&quot;background_background&quot;:&quot;classic&quot;,&quot;stretch_section&quot;:&quot;section-stretched&quot;}\">\n\t\t\t\t\t\t<div class=\"elementor-container elementor-column-gap-default\">\n\t\t\t\t\t<div class=\"elementor-column elementor-col-33 elementor-top-column elementor-element elementor-element-00b1ad3\" data-id=\"00b1ad3\" data-element_type=\"column\" data-e-type=\"column\">\n\t\t\t<div class=\"elementor-widget-wrap elementor-element-populated\">\n\t\t\t\t\t\t<div class=\"elementor-element elementor-element-be1a6cc elementor-widget elementor-widget-testimonial\" data-id=\"be1a6cc\" data-element_type=\"widget\" data-e-type=\"widget\" data-widget_type=\"testimonial.default\">\n\t\t\t\t<div class=\"elementor-widget-container\">\n\t\t\t\t\t\t\t<div class=\"elementor-testimonial-wrapper\">\n\t\t\t\t\t\t\t<div class=\"elementor-testimonial-content\">SIMONZA s.r.o.<br>Kostoln\u00e1 1592\/34A, <br>949 01  Nitra<br>Slovakia<br>office@simonza.sk<br><br>+421 907 904 130<br>I\u010cO: 53 880 587<br>DI\u010c: 2121518454<br>I\u010c DPH: SK2121518454<\/div>\n\t\t\t\n\t\t\t\t\t<\/div>\n\t\t\t\t\t\t<\/div>\n\t\t\t\t<\/div>\n\t\t\t\t\t<\/div>\n\t\t<\/div>\n\t\t\t\t<div class=\"elementor-column elementor-col-33 elementor-top-column elementor-element elementor-element-192808f\" data-id=\"192808f\" data-element_type=\"column\" data-e-type=\"column\">\n\t\t\t<div class=\"elementor-widget-wrap\">\n\t\t\t\t\t\t\t<\/div>\n\t\t<\/div>\n\t\t\t\t<div class=\"elementor-column elementor-col-33 elementor-top-column elementor-element elementor-element-36ebe72\" data-id=\"36ebe72\" data-element_type=\"column\" data-e-type=\"column\">\n\t\t\t<div class=\"elementor-widget-wrap elementor-element-populated\">\n\t\t\t\t\t\t\t<\/div>\n\t\t<\/div>\n\t\t\t\t\t<\/div>\n\t\t<\/section>\n\t\t\t\t<section class=\"elementor-section elementor-top-section elementor-element elementor-element-6b70b4c7 elementor-section-height-min-height elementor-section-content-middle elementor-section-stretched elementor-section-boxed elementor-section-height-default elementor-section-items-middle\" data-id=\"6b70b4c7\" data-element_type=\"section\" data-e-type=\"section\" data-settings=\"{&quot;background_background&quot;:&quot;classic&quot;,&quot;stretch_section&quot;:&quot;section-stretched&quot;}\">\n\t\t\t\t\t\t<div class=\"elementor-container elementor-column-gap-default\">\n\t\t\t\t\t<div class=\"elementor-column elementor-col-33 elementor-top-column elementor-element elementor-element-56979349\" data-id=\"56979349\" data-element_type=\"column\" data-e-type=\"column\">\n\t\t\t<div class=\"elementor-widget-wrap elementor-element-populated\">\n\t\t\t\t\t\t<div class=\"elementor-element elementor-element-94608f2 elementor-widget elementor-widget-image\" data-id=\"94608f2\" data-element_type=\"widget\" data-e-type=\"widget\" data-widget_type=\"image.default\">\n\t\t\t\t<div class=\"elementor-widget-container\">\n\t\t\t\t\t\t\t\t\t\t\t\t\t\t\t<img decoding=\"async\" src=\"https:\/\/agfoodstech.sk\/wp-content\/uploads\/2021\/10\/Simonza-Adobe-Gurmukh-bold-PNG.png\" title=\"\" alt=\"\" loading=\"lazy\" \/>\t\t\t\t\t\t\t\t\t\t\t\t\t\t\t<\/div>\n\t\t\t\t<\/div>\n\t\t\t\t\t<\/div>\n\t\t<\/div>\n\t\t\t\t<div class=\"elementor-column elementor-col-33 elementor-top-column elementor-element elementor-element-df4daf7\" data-id=\"df4daf7\" data-element_type=\"column\" data-e-type=\"column\">\n\t\t\t<div class=\"elementor-widget-wrap elementor-element-populated\">\n\t\t\t\t\t\t<div class=\"elementor-element elementor-element-77d7f4e elementor-widget elementor-widget-bdt-cookie-consent\" data-id=\"77d7f4e\" data-element_type=\"widget\" data-e-type=\"widget\" data-widget_type=\"bdt-cookie-consent.default\">\n\t\t\t\t<div class=\"elementor-widget-container\">\n\t\t\t\t\t\r\n\t\t\t<div class=\"bdt-cookie-consent bdt-hidden\" data-settings=\"{&quot;position&quot;:&quot;bottom&quot;,&quot;static&quot;:false,&quot;content&quot;:{&quot;message&quot;:&quot;Cookies pou\\u017e\\u00edvame na zlep\\u0161enie va\\u0161ej n\\u00e1v\\u0161tevy tejto webovej str\\u00e1nky, anal\\u00fdzu jej v\\u00fdkonnosti a zhroma\\u017e\\u010fovanie \\u00fadajov o jej pou\\u017e\\u00edvan\\u00ed. Na tento \\u00fa\\u010del m\\u00f4\\u017eeme pou\\u017ei\\u0165 n\\u00e1stroje a slu\\u017eby tret\\u00edch str\\u00e1n a zhroma\\u017eden\\u00e9 \\u00fadaje sa m\\u00f4\\u017eu prenies\\u0165 k partnerom v E\\u00da, USA alebo in\\u00fdch krajin\\u00e1ch. Kliknut\\u00edm na \\u201ePrija\\u0165\\u201c vyjadrujete svoj s\\u00fahlas s t\\u00fdmto spracovan\\u00edm. Ni\\u017e\\u0161ie m\\u00f4\\u017eete n\\u00e1js\\u0165 podrobn\\u00e9 inform\\u00e1cie alebo upravi\\u0165 svoje preferencie.&quot;,&quot;dismiss&quot;:&quot;Prija\\u0165&quot;,&quot;link&quot;:&quot;\\u010c\\u00edtaj viac&quot;,&quot;href&quot;:&quot;https:\\\/\\\/simonza.sk\\\/cookies\\\/&quot;,&quot;custom_attr&quot;:&quot;rel=\\&quot;noopener noreferrer nofollow\\&quot;&quot;},&quot;cookie&quot;:{&quot;name&quot;:&quot;element_pack_cookie_widget&quot;,&quot;domain&quot;:&quot;simonza.sk&quot;,&quot;expiryDays&quot;:9}}\"><\/div>\r\n\r\n\t\t\t\t<\/div>\n\t\t\t\t<\/div>\n\t\t\t\t\t<\/div>\n\t\t<\/div>\n\t\t\t\t<div class=\"elementor-column elementor-col-33 elementor-top-column elementor-element elementor-element-8b32433\" data-id=\"8b32433\" data-element_type=\"column\" data-e-type=\"column\">\n\t\t\t<div class=\"elementor-widget-wrap elementor-element-populated\">\n\t\t\t\t\t\t\t<\/div>\n\t\t<\/div>\n\t\t\t\t\t<\/div>\n\t\t<\/section>\n\t\t\t\t<section class=\"elementor-section elementor-top-section elementor-element elementor-element-7bdec8e elementor-section-boxed elementor-section-height-default elementor-section-height-default\" data-id=\"7bdec8e\" data-element_type=\"section\" data-e-type=\"section\">\n\t\t\t\t\t\t<div class=\"elementor-container elementor-column-gap-default\">\n\t\t\t\t\t<div class=\"elementor-column elementor-col-100 elementor-top-column elementor-element elementor-element-7d7b9a4\" data-id=\"7d7b9a4\" data-element_type=\"column\" data-e-type=\"column\">\n\t\t\t<div class=\"elementor-widget-wrap\">\n\t\t\t\t\t\t\t<\/div>\n\t\t<\/div>\n\t\t\t\t\t<\/div>\n\t\t<\/section>\n\t\t\t\t<\/div>","protected":false},"excerpt":{"rendered":"<p>we are on your way V na\u0161ej ponuke n\u00e1jdete \u0161irok\u00fd sortiment strojov a pr\u00edslu\u0161enstvo pre potravin\u00e1rsky priemysel. Na\u0161im hlavn\u00fdm cie\u013eom je uspokoji\u0165 aj tie najn\u00e1ro\u010dnej\u0161ie po\u017eiadavky na\u0161ich z\u00e1kazn\u00edkov dod\u00e1van\u00edm vysoko kvalitn\u00fdch a funk\u010dn\u00fdch strojov. V na\u0161om portf\u00f3liu n\u00e1jdete nov\u00e9 aj pou\u017eit\u00e9 stroje a pon\u00fakame aj servis strojov.\u00a0 zobrazi\u0165 ponuku NA\u0160E STROJE Pou\u017eit\u00e9 stroje Nov\u00e9 stroje&hellip;&nbsp;<a href=\"https:\/\/simonza.sk\/en\/\" rel=\"bookmark\"><span class=\"screen-reader-text\">\u00davod<\/span><\/a><\/p>","protected":false},"author":1,"featured_media":0,"parent":0,"menu_order":0,"comment_status":"closed","ping_status":"closed","template":"","meta":{"neve_meta_sidebar":"","neve_meta_container":"","neve_meta_enable_content_width":"","neve_meta_content_width":0,"neve_meta_title_alignment":"","neve_meta_author_avatar":"","neve_post_elements_order":"","neve_meta_disable_header":"","neve_meta_disable_footer":"","neve_meta_disable_title":"","footnotes":""},"class_list":["post-27","page","type-page","status-publish","hentry"],"yoast_head":"<!-- This site is optimized with the Yoast SEO plugin v27.4 - https:\/\/yoast.com\/product\/yoast-seo-wordpress\/ -->\n<title>\u00davod - Simonza<\/title>\n<meta name=\"robots\" content=\"noindex, follow\" \/>\n<meta property=\"og:locale\" content=\"en_GB\" \/>\n<meta property=\"og:type\" content=\"article\" \/>\n<meta property=\"og:title\" content=\"\u00davod - Simonza\" \/>\n<meta property=\"og:description\" content=\"we are on your way V na\u0161ej ponuke n\u00e1jdete \u0161irok\u00fd sortiment strojov a pr\u00edslu\u0161enstvo pre potravin\u00e1rsky priemysel. Na\u0161im hlavn\u00fdm cie\u013eom je uspokoji\u0165 aj tie najn\u00e1ro\u010dnej\u0161ie po\u017eiadavky na\u0161ich z\u00e1kazn\u00edkov dod\u00e1van\u00edm vysoko kvalitn\u00fdch a funk\u010dn\u00fdch strojov. V na\u0161om portf\u00f3liu n\u00e1jdete nov\u00e9 aj pou\u017eit\u00e9 stroje a pon\u00fakame aj servis strojov.\u00a0 zobrazi\u0165 ponuku NA\u0160E STROJE Pou\u017eit\u00e9 stroje Nov\u00e9 stroje&hellip;&nbsp;\u00davod\" \/>\n<meta property=\"og:url\" content=\"https:\/\/simonza.sk\/en\/\" \/>\n<meta property=\"og:site_name\" content=\"Simonza\" \/>\n<meta property=\"article:modified_time\" content=\"2023-05-26T12:07:58+00:00\" \/>\n<meta property=\"og:image\" content=\"https:\/\/simonza.sk\/wp-content\/uploads\/2021\/10\/Obrazok1.jpg\" \/>\n<meta name=\"twitter:card\" content=\"summary_large_image\" \/>\n<meta name=\"twitter:label1\" content=\"Estimated reading time\" \/>\n\t<meta name=\"twitter:data1\" content=\"2 minutes\" \/>\n<script type=\"application\/ld+json\" class=\"yoast-schema-graph\">{\"@context\":\"https:\\\/\\\/schema.org\",\"@graph\":[{\"@type\":\"WebPage\",\"@id\":\"https:\\\/\\\/simonza.sk\\\/\",\"url\":\"https:\\\/\\\/simonza.sk\\\/\",\"name\":\"\u00davod - Simonza\",\"isPartOf\":{\"@id\":\"https:\\\/\\\/simonza.sk\\\/#website\"},\"primaryImageOfPage\":{\"@id\":\"https:\\\/\\\/simonza.sk\\\/#primaryimage\"},\"image\":{\"@id\":\"https:\\\/\\\/simonza.sk\\\/#primaryimage\"},\"thumbnailUrl\":\"https:\\\/\\\/simonza.sk\\\/wp-content\\\/uploads\\\/2021\\\/10\\\/Obrazok1.jpg\",\"datePublished\":\"2021-10-25T07:30:08+00:00\",\"dateModified\":\"2023-05-26T12:07:58+00:00\",\"breadcrumb\":{\"@id\":\"https:\\\/\\\/simonza.sk\\\/#breadcrumb\"},\"inLanguage\":\"en-GB\",\"potentialAction\":[{\"@type\":\"ReadAction\",\"target\":[\"https:\\\/\\\/simonza.sk\\\/\"]}]},{\"@type\":\"ImageObject\",\"inLanguage\":\"en-GB\",\"@id\":\"https:\\\/\\\/simonza.sk\\\/#primaryimage\",\"url\":\"https:\\\/\\\/simonza.sk\\\/wp-content\\\/uploads\\\/2021\\\/10\\\/Obrazok1.jpg\",\"contentUrl\":\"https:\\\/\\\/simonza.sk\\\/wp-content\\\/uploads\\\/2021\\\/10\\\/Obrazok1.jpg\"},{\"@type\":\"BreadcrumbList\",\"@id\":\"https:\\\/\\\/simonza.sk\\\/#breadcrumb\",\"itemListElement\":[{\"@type\":\"ListItem\",\"position\":1,\"name\":\"Domovsk\u00e1 str\u00e1nka\",\"item\":\"https:\\\/\\\/simonza.sk\\\/\"},{\"@type\":\"ListItem\",\"position\":2,\"name\":\"\u00davod\"}]},{\"@type\":\"WebSite\",\"@id\":\"https:\\\/\\\/simonza.sk\\\/#website\",\"url\":\"https:\\\/\\\/simonza.sk\\\/\",\"name\":\"Simonza\",\"description\":\"\",\"publisher\":{\"@id\":\"https:\\\/\\\/simonza.sk\\\/#organization\"},\"potentialAction\":[{\"@type\":\"SearchAction\",\"target\":{\"@type\":\"EntryPoint\",\"urlTemplate\":\"https:\\\/\\\/simonza.sk\\\/?s={search_term_string}\"},\"query-input\":{\"@type\":\"PropertyValueSpecification\",\"valueRequired\":true,\"valueName\":\"search_term_string\"}}],\"inLanguage\":\"en-GB\"},{\"@type\":\"Organization\",\"@id\":\"https:\\\/\\\/simonza.sk\\\/#organization\",\"name\":\"SIMONZA s.r.o.\",\"url\":\"https:\\\/\\\/simonza.sk\\\/\",\"logo\":{\"@type\":\"ImageObject\",\"inLanguage\":\"en-GB\",\"@id\":\"https:\\\/\\\/simonza.sk\\\/#\\\/schema\\\/logo\\\/image\\\/\",\"url\":\"https:\\\/\\\/simonza.sk\\\/wp-content\\\/uploads\\\/2022\\\/03\\\/Simonza-Adobe-Gurmukh-bold-PNG.png\",\"contentUrl\":\"https:\\\/\\\/simonza.sk\\\/wp-content\\\/uploads\\\/2022\\\/03\\\/Simonza-Adobe-Gurmukh-bold-PNG.png\",\"width\":2835,\"height\":2835,\"caption\":\"SIMONZA s.r.o.\"},\"image\":{\"@id\":\"https:\\\/\\\/simonza.sk\\\/#\\\/schema\\\/logo\\\/image\\\/\"}}]}<\/script>\n<!-- \/ Yoast SEO plugin. -->","yoast_head_json":{"title":"\u00davod - Simonza","robots":{"index":"noindex","follow":"follow"},"og_locale":"en_GB","og_type":"article","og_title":"\u00davod - Simonza","og_description":"we are on your way V na\u0161ej ponuke n\u00e1jdete \u0161irok\u00fd sortiment strojov a pr\u00edslu\u0161enstvo pre potravin\u00e1rsky priemysel. Na\u0161im hlavn\u00fdm cie\u013eom je uspokoji\u0165 aj tie najn\u00e1ro\u010dnej\u0161ie po\u017eiadavky na\u0161ich z\u00e1kazn\u00edkov dod\u00e1van\u00edm vysoko kvalitn\u00fdch a funk\u010dn\u00fdch strojov. V na\u0161om portf\u00f3liu n\u00e1jdete nov\u00e9 aj pou\u017eit\u00e9 stroje a pon\u00fakame aj servis strojov.\u00a0 zobrazi\u0165 ponuku NA\u0160E STROJE Pou\u017eit\u00e9 stroje Nov\u00e9 stroje&hellip;&nbsp;\u00davod","og_url":"https:\/\/simonza.sk\/en\/","og_site_name":"Simonza","article_modified_time":"2023-05-26T12:07:58+00:00","og_image":[{"url":"https:\/\/simonza.sk\/wp-content\/uploads\/2021\/10\/Obrazok1.jpg","type":"","width":"","height":""}],"twitter_card":"summary_large_image","twitter_misc":{"Estimated reading time":"2 minutes"},"schema":{"@context":"https:\/\/schema.org","@graph":[{"@type":"WebPage","@id":"https:\/\/simonza.sk\/","url":"https:\/\/simonza.sk\/","name":"\u00davod - Simonza","isPartOf":{"@id":"https:\/\/simonza.sk\/#website"},"primaryImageOfPage":{"@id":"https:\/\/simonza.sk\/#primaryimage"},"image":{"@id":"https:\/\/simonza.sk\/#primaryimage"},"thumbnailUrl":"https:\/\/simonza.sk\/wp-content\/uploads\/2021\/10\/Obrazok1.jpg","datePublished":"2021-10-25T07:30:08+00:00","dateModified":"2023-05-26T12:07:58+00:00","breadcrumb":{"@id":"https:\/\/simonza.sk\/#breadcrumb"},"inLanguage":"en-GB","potentialAction":[{"@type":"ReadAction","target":["https:\/\/simonza.sk\/"]}]},{"@type":"ImageObject","inLanguage":"en-GB","@id":"https:\/\/simonza.sk\/#primaryimage","url":"https:\/\/simonza.sk\/wp-content\/uploads\/2021\/10\/Obrazok1.jpg","contentUrl":"https:\/\/simonza.sk\/wp-content\/uploads\/2021\/10\/Obrazok1.jpg"},{"@type":"BreadcrumbList","@id":"https:\/\/simonza.sk\/#breadcrumb","itemListElement":[{"@type":"ListItem","position":1,"name":"Domovsk\u00e1 str\u00e1nka","item":"https:\/\/simonza.sk\/"},{"@type":"ListItem","position":2,"name":"\u00davod"}]},{"@type":"WebSite","@id":"https:\/\/simonza.sk\/#website","url":"https:\/\/simonza.sk\/","name":"Simonza","description":"","publisher":{"@id":"https:\/\/simonza.sk\/#organization"},"potentialAction":[{"@type":"SearchAction","target":{"@type":"EntryPoint","urlTemplate":"https:\/\/simonza.sk\/?s={search_term_string}"},"query-input":{"@type":"PropertyValueSpecification","valueRequired":true,"valueName":"search_term_string"}}],"inLanguage":"en-GB"},{"@type":"Organization","@id":"https:\/\/simonza.sk\/#organization","name":"SIMONZA s.r.o.","url":"https:\/\/simonza.sk\/","logo":{"@type":"ImageObject","inLanguage":"en-GB","@id":"https:\/\/simonza.sk\/#\/schema\/logo\/image\/","url":"https:\/\/simonza.sk\/wp-content\/uploads\/2022\/03\/Simonza-Adobe-Gurmukh-bold-PNG.png","contentUrl":"https:\/\/simonza.sk\/wp-content\/uploads\/2022\/03\/Simonza-Adobe-Gurmukh-bold-PNG.png","width":2835,"height":2835,"caption":"SIMONZA s.r.o."},"image":{"@id":"https:\/\/simonza.sk\/#\/schema\/logo\/image\/"}}]}},"_links":{"self":[{"href":"https:\/\/simonza.sk\/en\/wp-json\/wp\/v2\/pages\/27","targetHints":{"allow":["GET"]}}],"collection":[{"href":"https:\/\/simonza.sk\/en\/wp-json\/wp\/v2\/pages"}],"about":[{"href":"https:\/\/simonza.sk\/en\/wp-json\/wp\/v2\/types\/page"}],"author":[{"embeddable":true,"href":"https:\/\/simonza.sk\/en\/wp-json\/wp\/v2\/users\/1"}],"replies":[{"embeddable":true,"href":"https:\/\/simonza.sk\/en\/wp-json\/wp\/v2\/comments?post=27"}],"version-history":[{"count":226,"href":"https:\/\/simonza.sk\/en\/wp-json\/wp\/v2\/pages\/27\/revisions"}],"predecessor-version":[{"id":2164,"href":"https:\/\/simonza.sk\/en\/wp-json\/wp\/v2\/pages\/27\/revisions\/2164"}],"wp:attachment":[{"href":"https:\/\/simonza.sk\/en\/wp-json\/wp\/v2\/media?parent=27"}],"curies":[{"name":"wp","href":"https:\/\/api.w.org\/{rel}","templated":true}]}}