{"id":1154,"date":"2022-01-05T13:56:43","date_gmt":"2022-01-05T12:56:43","guid":{"rendered":"https:\/\/agfoodstech.sk\/?page_id=1154"},"modified":"2022-03-10T12:41:31","modified_gmt":"2022-03-10T11:41:31","slug":"masirka-hollstein-150l","status":"publish","type":"page","link":"https:\/\/simonza.sk\/en\/masirka-hollstein-150l\/","title":{"rendered":"Mas\u00edrka Hollstein 150l"},"content":{"rendered":"<div data-elementor-type=\"wp-page\" data-elementor-id=\"1154\" class=\"elementor elementor-1154\">\n\t\t\t\t\t\t<section class=\"elementor-section elementor-top-section elementor-element elementor-element-2f8a129a elementor-section-boxed elementor-section-height-default elementor-section-height-default\" data-id=\"2f8a129a\" data-element_type=\"section\" data-e-type=\"section\">\n\t\t\t\t\t\t<div class=\"elementor-container elementor-column-gap-default\">\n\t\t\t\t\t<div class=\"elementor-column elementor-col-100 elementor-top-column elementor-element elementor-element-708c0df7\" data-id=\"708c0df7\" data-element_type=\"column\" data-e-type=\"column\">\n\t\t\t<div class=\"elementor-widget-wrap elementor-element-populated\">\n\t\t\t\t\t\t<div class=\"elementor-element elementor-element-4cf0489f elementor-widget elementor-widget-heading\" data-id=\"4cf0489f\" data-element_type=\"widget\" data-e-type=\"widget\" data-widget_type=\"heading.default\">\n\t\t\t\t<div class=\"elementor-widget-container\">\n\t\t\t\t\t<h2 class=\"elementor-heading-title elementor-size-default\">Mas\u00edrka Hollstein <\/h2>\t\t\t\t<\/div>\n\t\t\t\t<\/div>\n\t\t\t\t<div class=\"elementor-element elementor-element-4be532e0 elementor-widget elementor-widget-text-editor\" data-id=\"4be532e0\" data-element_type=\"widget\" data-e-type=\"widget\" data-widget_type=\"text-editor.default\">\n\t\t\t\t<div class=\"elementor-widget-container\">\n\t\t\t\t\t\t\t\t\t<p>Vykl\u00e1pacia mas\u00edrka &#8211; tumbler zna\u010dky Hollstein &amp; Fuhrmann, Rak\u00fasko<\/p><p>Objem: 150 l<\/p><p>Daj\u00fa sa nastavi\u0165 ot\u00e1\u010dky, mo\u017enos\u0165 programovania. Nehrdzavej\u00faci materi\u00e1l.\u00a0<\/p><p>Rozmery (\u0161 x v x d): 110 x 96 x 76 cm<\/p>\t\t\t\t\t\t\t\t<\/div>\n\t\t\t\t<\/div>\n\t\t\t\t\t<\/div>\n\t\t<\/div>\n\t\t\t\t\t<\/div>\n\t\t<\/section>\n\t\t\t\t<section class=\"elementor-section elementor-top-section elementor-element elementor-element-6b5d6fe2 elementor-section-height-min-height elementor-section-items-stretch elementor-section-content-middle elementor-section-boxed elementor-section-height-default\" data-id=\"6b5d6fe2\" data-element_type=\"section\" data-e-type=\"section\">\n\t\t\t\t\t\t<div class=\"elementor-container elementor-column-gap-default\">\n\t\t\t\t\t<div class=\"elementor-column elementor-col-50 elementor-top-column elementor-element elementor-element-19126d65\" data-id=\"19126d65\" data-element_type=\"column\" data-e-type=\"column\" data-settings=\"{&quot;background_background&quot;:&quot;classic&quot;}\">\n\t\t\t<div class=\"elementor-widget-wrap elementor-element-populated\">\n\t\t\t\t\t\t<div class=\"elementor-element elementor-element-2255a9a3 elementor-widget elementor-widget-heading\" data-id=\"2255a9a3\" data-element_type=\"widget\" data-e-type=\"widget\" data-widget_type=\"heading.default\">\n\t\t\t\t<div class=\"elementor-widget-container\">\n\t\t\t\t\t<h2 class=\"elementor-heading-title elementor-size-large\">Oh\u013eadom ceny na  zariadenie n\u00e1m nap\u00ed\u0161te na:<\/h2>\t\t\t\t<\/div>\n\t\t\t\t<\/div>\n\t\t\t\t\t<\/div>\n\t\t<\/div>\n\t\t\t\t<div class=\"elementor-column elementor-col-50 elementor-top-column elementor-element elementor-element-81a28ef\" data-id=\"81a28ef\" data-element_type=\"column\" data-e-type=\"column\" data-settings=\"{&quot;background_background&quot;:&quot;classic&quot;}\">\n\t\t\t<div class=\"elementor-widget-wrap elementor-element-populated\">\n\t\t\t\t\t\t<div class=\"elementor-element elementor-element-1c911832 elementor-icon-list--layout-inline elementor-tablet-align-start elementor-list-item-link-full_width elementor-widget elementor-widget-icon-list\" data-id=\"1c911832\" data-element_type=\"widget\" data-e-type=\"widget\" data-widget_type=\"icon-list.default\">\n\t\t\t\t<div class=\"elementor-widget-container\">\n\t\t\t\t\t\t\t<ul class=\"elementor-icon-list-items elementor-inline-items\">\n\t\t\t\t\t\t\t<li class=\"elementor-icon-list-item elementor-inline-item\">\n\t\t\t\t\t\t\t\t\t\t\t<a href=\"\">\n\n\t\t\t\t\t\t\t\t\t\t\t\t<span class=\"elementor-icon-list-icon\">\n\t\t\t\t\t\t\t<i aria-hidden=\"true\" class=\"far fa-envelope\"><\/i>\t\t\t\t\t\t<\/span>\n\t\t\t\t\t\t\t\t\t\t<span class=\"elementor-icon-list-text\">office@simonza.sk<\/span>\n\t\t\t\t\t\t\t\t\t\t\t<\/a>\n\t\t\t\t\t\t\t\t\t<\/li>\n\t\t\t\t\t\t<\/ul>\n\t\t\t\t\t\t<\/div>\n\t\t\t\t<\/div>\n\t\t\t\t\t<\/div>\n\t\t<\/div>\n\t\t\t\t\t<\/div>\n\t\t<\/section>\n\t\t\t\t<section class=\"elementor-section elementor-top-section elementor-element elementor-element-408eac24 elementor-section-content-middle elementor-section-boxed elementor-section-height-default elementor-section-height-default\" data-id=\"408eac24\" data-element_type=\"section\" data-e-type=\"section\">\n\t\t\t\t\t\t<div class=\"elementor-container elementor-column-gap-default\">\n\t\t\t\t\t<div class=\"elementor-column elementor-col-100 elementor-top-column elementor-element elementor-element-1557691c elementor-sm-100\" data-id=\"1557691c\" data-element_type=\"column\" data-e-type=\"column\">\n\t\t\t<div class=\"elementor-widget-wrap elementor-element-populated\">\n\t\t\t\t\t\t<div class=\"elementor-element elementor-element-31715228 gallery-spacing-custom elementor-widget elementor-widget-image-gallery\" data-id=\"31715228\" data-element_type=\"widget\" data-e-type=\"widget\" data-widget_type=\"image-gallery.default\">\n\t\t\t\t<div class=\"elementor-widget-container\">\n\t\t\t\t\t\t\t<div class=\"elementor-image-gallery\">\n\t\t\t<div id='gallery-1' class='gallery galleryid-1154 gallery-columns-3 gallery-size-full'><figure class='gallery-item'>\n\t\t\t<div class='gallery-icon landscape'>\n\t\t\t\t<a data-elementor-open-lightbox=\"yes\" data-elementor-lightbox-slideshow=\"31715228\" data-elementor-lightbox-title=\"20211202_104906\" data-e-action-hash=\"#elementor-action%3Aaction%3Dlightbox%26settings%3DeyJpZCI6MTE2NCwidXJsIjoiaHR0cHM6XC9cL3NpbW9uemEuc2tcL3dwLWNvbnRlbnRcL3VwbG9hZHNcLzIwMjJcLzAxXC8yMDIxMTIwMl8xMDQ5MDYtMS1zY2FsZWQuanBnIiwic2xpZGVzaG93IjoiMzE3MTUyMjgifQ%3D%3D\" href='https:\/\/simonza.sk\/wp-content\/uploads\/2022\/01\/20211202_104906-1-scaled.jpg'><img fetchpriority=\"high\" decoding=\"async\" width=\"2560\" height=\"1920\" src=\"https:\/\/simonza.sk\/wp-content\/uploads\/2022\/01\/20211202_104906-1-scaled.jpg\" class=\"attachment-full size-full\" alt=\"\" srcset=\"https:\/\/simonza.sk\/wp-content\/uploads\/2022\/01\/20211202_104906-1-scaled.jpg 2560w, https:\/\/simonza.sk\/wp-content\/uploads\/2022\/01\/20211202_104906-1-300x225.jpg 300w, https:\/\/simonza.sk\/wp-content\/uploads\/2022\/01\/20211202_104906-1-1024x768.jpg 1024w, https:\/\/simonza.sk\/wp-content\/uploads\/2022\/01\/20211202_104906-1-768x576.jpg 768w, https:\/\/simonza.sk\/wp-content\/uploads\/2022\/01\/20211202_104906-1-1536x1152.jpg 1536w, https:\/\/simonza.sk\/wp-content\/uploads\/2022\/01\/20211202_104906-1-2048x1536.jpg 2048w\" sizes=\"(max-width: 2560px) 100vw, 2560px\" \/><\/a>\n\t\t\t<\/div><\/figure><figure class='gallery-item'>\n\t\t\t<div class='gallery-icon landscape'>\n\t\t\t\t<a data-elementor-open-lightbox=\"yes\" data-elementor-lightbox-slideshow=\"31715228\" data-elementor-lightbox-title=\"20211202_104915\" data-e-action-hash=\"#elementor-action%3Aaction%3Dlightbox%26settings%3DeyJpZCI6MTE2NSwidXJsIjoiaHR0cHM6XC9cL3NpbW9uemEuc2tcL3dwLWNvbnRlbnRcL3VwbG9hZHNcLzIwMjJcLzAxXC8yMDIxMTIwMl8xMDQ5MTUtMS1zY2FsZWQuanBnIiwic2xpZGVzaG93IjoiMzE3MTUyMjgifQ%3D%3D\" href='https:\/\/simonza.sk\/wp-content\/uploads\/2022\/01\/20211202_104915-1-scaled.jpg'><img decoding=\"async\" width=\"2560\" height=\"1920\" src=\"https:\/\/simonza.sk\/wp-content\/uploads\/2022\/01\/20211202_104915-1-scaled.jpg\" class=\"attachment-full size-full\" alt=\"\" srcset=\"https:\/\/simonza.sk\/wp-content\/uploads\/2022\/01\/20211202_104915-1-scaled.jpg 2560w, https:\/\/simonza.sk\/wp-content\/uploads\/2022\/01\/20211202_104915-1-300x225.jpg 300w, https:\/\/simonza.sk\/wp-content\/uploads\/2022\/01\/20211202_104915-1-1024x768.jpg 1024w, https:\/\/simonza.sk\/wp-content\/uploads\/2022\/01\/20211202_104915-1-768x576.jpg 768w, https:\/\/simonza.sk\/wp-content\/uploads\/2022\/01\/20211202_104915-1-1536x1152.jpg 1536w, https:\/\/simonza.sk\/wp-content\/uploads\/2022\/01\/20211202_104915-1-2048x1536.jpg 2048w\" sizes=\"(max-width: 2560px) 100vw, 2560px\" \/><\/a>\n\t\t\t<\/div><\/figure><figure class='gallery-item'>\n\t\t\t<div class='gallery-icon landscape'>\n\t\t\t\t<a data-elementor-open-lightbox=\"yes\" data-elementor-lightbox-slideshow=\"31715228\" data-elementor-lightbox-title=\"20211202_104921\" data-e-action-hash=\"#elementor-action%3Aaction%3Dlightbox%26settings%3DeyJpZCI6MTE2NiwidXJsIjoiaHR0cHM6XC9cL3NpbW9uemEuc2tcL3dwLWNvbnRlbnRcL3VwbG9hZHNcLzIwMjJcLzAxXC8yMDIxMTIwMl8xMDQ5MjEtMS1zY2FsZWQuanBnIiwic2xpZGVzaG93IjoiMzE3MTUyMjgifQ%3D%3D\" href='https:\/\/simonza.sk\/wp-content\/uploads\/2022\/01\/20211202_104921-1-scaled.jpg'><img decoding=\"async\" width=\"2560\" height=\"1920\" src=\"https:\/\/simonza.sk\/wp-content\/uploads\/2022\/01\/20211202_104921-1-scaled.jpg\" class=\"attachment-full size-full\" alt=\"\" srcset=\"https:\/\/simonza.sk\/wp-content\/uploads\/2022\/01\/20211202_104921-1-scaled.jpg 2560w, https:\/\/simonza.sk\/wp-content\/uploads\/2022\/01\/20211202_104921-1-300x225.jpg 300w, https:\/\/simonza.sk\/wp-content\/uploads\/2022\/01\/20211202_104921-1-1024x768.jpg 1024w, https:\/\/simonza.sk\/wp-content\/uploads\/2022\/01\/20211202_104921-1-768x576.jpg 768w, https:\/\/simonza.sk\/wp-content\/uploads\/2022\/01\/20211202_104921-1-1536x1152.jpg 1536w, https:\/\/simonza.sk\/wp-content\/uploads\/2022\/01\/20211202_104921-1-2048x1536.jpg 2048w\" sizes=\"(max-width: 2560px) 100vw, 2560px\" \/><\/a>\n\t\t\t<\/div><\/figure><figure class='gallery-item'>\n\t\t\t<div class='gallery-icon landscape'>\n\t\t\t\t<a data-elementor-open-lightbox=\"yes\" data-elementor-lightbox-slideshow=\"31715228\" data-elementor-lightbox-title=\"20211202_104932\" data-e-action-hash=\"#elementor-action%3Aaction%3Dlightbox%26settings%3DeyJpZCI6MTE2NywidXJsIjoiaHR0cHM6XC9cL3NpbW9uemEuc2tcL3dwLWNvbnRlbnRcL3VwbG9hZHNcLzIwMjJcLzAxXC8yMDIxMTIwMl8xMDQ5MzItMS1zY2FsZWQuanBnIiwic2xpZGVzaG93IjoiMzE3MTUyMjgifQ%3D%3D\" href='https:\/\/simonza.sk\/wp-content\/uploads\/2022\/01\/20211202_104932-1-scaled.jpg'><img loading=\"lazy\" decoding=\"async\" width=\"2560\" height=\"1920\" src=\"https:\/\/simonza.sk\/wp-content\/uploads\/2022\/01\/20211202_104932-1-scaled.jpg\" class=\"attachment-full size-full\" alt=\"\" srcset=\"https:\/\/simonza.sk\/wp-content\/uploads\/2022\/01\/20211202_104932-1-scaled.jpg 2560w, https:\/\/simonza.sk\/wp-content\/uploads\/2022\/01\/20211202_104932-1-300x225.jpg 300w, https:\/\/simonza.sk\/wp-content\/uploads\/2022\/01\/20211202_104932-1-1024x768.jpg 1024w, https:\/\/simonza.sk\/wp-content\/uploads\/2022\/01\/20211202_104932-1-768x576.jpg 768w, https:\/\/simonza.sk\/wp-content\/uploads\/2022\/01\/20211202_104932-1-1536x1152.jpg 1536w, https:\/\/simonza.sk\/wp-content\/uploads\/2022\/01\/20211202_104932-1-2048x1536.jpg 2048w\" sizes=\"(max-width: 2560px) 100vw, 2560px\" \/><\/a>\n\t\t\t<\/div><\/figure><figure class='gallery-item'>\n\t\t\t<div class='gallery-icon portrait'>\n\t\t\t\t<a data-elementor-open-lightbox=\"yes\" data-elementor-lightbox-slideshow=\"31715228\" data-elementor-lightbox-title=\"20211202_143128\" data-e-action-hash=\"#elementor-action%3Aaction%3Dlightbox%26settings%3DeyJpZCI6MTE2OCwidXJsIjoiaHR0cHM6XC9cL3NpbW9uemEuc2tcL3dwLWNvbnRlbnRcL3VwbG9hZHNcLzIwMjJcLzAxXC8yMDIxMTIwMl8xNDMxMjgtMS1zY2FsZWQuanBnIiwic2xpZGVzaG93IjoiMzE3MTUyMjgifQ%3D%3D\" href='https:\/\/simonza.sk\/wp-content\/uploads\/2022\/01\/20211202_143128-1-scaled.jpg'><img loading=\"lazy\" decoding=\"async\" width=\"1920\" height=\"2560\" src=\"https:\/\/simonza.sk\/wp-content\/uploads\/2022\/01\/20211202_143128-1-scaled.jpg\" class=\"attachment-full size-full\" alt=\"\" srcset=\"https:\/\/simonza.sk\/wp-content\/uploads\/2022\/01\/20211202_143128-1-scaled.jpg 1920w, https:\/\/simonza.sk\/wp-content\/uploads\/2022\/01\/20211202_143128-1-225x300.jpg 225w, https:\/\/simonza.sk\/wp-content\/uploads\/2022\/01\/20211202_143128-1-768x1024.jpg 768w, https:\/\/simonza.sk\/wp-content\/uploads\/2022\/01\/20211202_143128-1-1152x1536.jpg 1152w, https:\/\/simonza.sk\/wp-content\/uploads\/2022\/01\/20211202_143128-1-1536x2048.jpg 1536w\" sizes=\"(max-width: 1920px) 100vw, 1920px\" \/><\/a>\n\t\t\t<\/div><\/figure><figure class='gallery-item'>\n\t\t\t<div class='gallery-icon portrait'>\n\t\t\t\t<a data-elementor-open-lightbox=\"yes\" data-elementor-lightbox-slideshow=\"31715228\" data-elementor-lightbox-title=\"20211022_135243 (1)x\" data-e-action-hash=\"#elementor-action%3Aaction%3Dlightbox%26settings%3DeyJpZCI6MTE2MywidXJsIjoiaHR0cHM6XC9cL3NpbW9uemEuc2tcL3dwLWNvbnRlbnRcL3VwbG9hZHNcLzIwMjJcLzAxXC8yMDIxMTAyMl8xMzUyNDMtMXgtc2NhbGVkLmpwZyIsInNsaWRlc2hvdyI6IjMxNzE1MjI4In0%3D\" href='https:\/\/simonza.sk\/wp-content\/uploads\/2022\/01\/20211022_135243-1x-scaled.jpg'><img loading=\"lazy\" decoding=\"async\" width=\"1920\" height=\"2560\" src=\"https:\/\/simonza.sk\/wp-content\/uploads\/2022\/01\/20211022_135243-1x-scaled.jpg\" class=\"attachment-full size-full\" alt=\"\" srcset=\"https:\/\/simonza.sk\/wp-content\/uploads\/2022\/01\/20211022_135243-1x-scaled.jpg 1920w, https:\/\/simonza.sk\/wp-content\/uploads\/2022\/01\/20211022_135243-1x-225x300.jpg 225w, https:\/\/simonza.sk\/wp-content\/uploads\/2022\/01\/20211022_135243-1x-768x1024.jpg 768w, https:\/\/simonza.sk\/wp-content\/uploads\/2022\/01\/20211022_135243-1x-1152x1536.jpg 1152w, https:\/\/simonza.sk\/wp-content\/uploads\/2022\/01\/20211022_135243-1x-1536x2048.jpg 1536w\" sizes=\"(max-width: 1920px) 100vw, 1920px\" \/><\/a>\n\t\t\t<\/div><\/figure>\n\t\t<\/div>\n\t\t<\/div>\n\t\t\t\t\t\t<\/div>\n\t\t\t\t<\/div>\n\t\t\t\t\t<\/div>\n\t\t<\/div>\n\t\t\t\t\t<\/div>\n\t\t<\/section>\n\t\t\t\t<\/div>","protected":false},"excerpt":{"rendered":"<p>Mas\u00edrka Hollstein Vykl\u00e1pacia mas\u00edrka &#8211; tumbler zna\u010dky Hollstein &amp; Fuhrmann, Rak\u00fasko Objem: 150 l Daj\u00fa sa nastavi\u0165 ot\u00e1\u010dky, mo\u017enos\u0165 programovania. Nehrdzavej\u00faci materi\u00e1l.\u00a0 Rozmery (\u0161 x v x d): 110 x 96 x 76 cm Oh\u013eadom ceny na zariadenie n\u00e1m nap\u00ed\u0161te na: office@simonza.sk<\/p>","protected":false},"author":1,"featured_media":0,"parent":0,"menu_order":0,"comment_status":"closed","ping_status":"closed","template":"page-templates\/template-pagebuilder-full-width.php","meta":{"neve_meta_sidebar":"","neve_meta_container":"","neve_meta_enable_content_width":"","neve_meta_content_width":0,"neve_meta_title_alignment":"","neve_meta_author_avatar":"","neve_post_elements_order":"","neve_meta_disable_header":"","neve_meta_disable_footer":"","neve_meta_disable_title":"","footnotes":""},"class_list":["post-1154","page","type-page","status-publish","hentry"],"yoast_head":"<!-- This site is optimized with the Yoast SEO plugin v27.3 - https:\/\/yoast.com\/product\/yoast-seo-wordpress\/ -->\n<title>Mas\u00edrka Hollstein 150l - Simonza<\/title>\n<meta name=\"robots\" content=\"noindex, follow\" \/>\n<meta property=\"og:locale\" content=\"en_GB\" \/>\n<meta property=\"og:type\" content=\"article\" \/>\n<meta property=\"og:title\" content=\"Mas\u00edrka Hollstein 150l - Simonza\" \/>\n<meta property=\"og:description\" content=\"Mas\u00edrka Hollstein Vykl\u00e1pacia mas\u00edrka &#8211; tumbler zna\u010dky Hollstein &amp; Fuhrmann, Rak\u00fasko Objem: 150 l Daj\u00fa sa nastavi\u0165 ot\u00e1\u010dky, mo\u017enos\u0165 programovania. Nehrdzavej\u00faci materi\u00e1l.\u00a0 Rozmery (\u0161 x v x d): 110 x 96 x 76 cm Oh\u013eadom ceny na zariadenie n\u00e1m nap\u00ed\u0161te na: office@simonza.sk\" \/>\n<meta property=\"og:url\" content=\"https:\/\/simonza.sk\/en\/masirka-hollstein-150l\/\" \/>\n<meta property=\"og:site_name\" content=\"Simonza\" \/>\n<meta property=\"article:modified_time\" content=\"2022-03-10T11:41:31+00:00\" \/>\n<meta property=\"og:image\" content=\"https:\/\/agfoodstech.sk\/wp-content\/uploads\/2022\/01\/20211202_104906-1-scaled.jpg\" \/>\n<meta name=\"twitter:card\" content=\"summary_large_image\" \/>\n<meta name=\"twitter:label1\" content=\"Estimated reading time\" \/>\n\t<meta name=\"twitter:data1\" content=\"2 minutes\" \/>\n<script type=\"application\/ld+json\" class=\"yoast-schema-graph\">{\"@context\":\"https:\\\/\\\/schema.org\",\"@graph\":[{\"@type\":\"WebPage\",\"@id\":\"https:\\\/\\\/simonza.sk\\\/masirka-hollstein-150l\\\/\",\"url\":\"https:\\\/\\\/simonza.sk\\\/masirka-hollstein-150l\\\/\",\"name\":\"Mas\u00edrka Hollstein 150l - Simonza\",\"isPartOf\":{\"@id\":\"https:\\\/\\\/simonza.sk\\\/#website\"},\"primaryImageOfPage\":{\"@id\":\"https:\\\/\\\/simonza.sk\\\/masirka-hollstein-150l\\\/#primaryimage\"},\"image\":{\"@id\":\"https:\\\/\\\/simonza.sk\\\/masirka-hollstein-150l\\\/#primaryimage\"},\"thumbnailUrl\":\"https:\\\/\\\/agfoodstech.sk\\\/wp-content\\\/uploads\\\/2022\\\/01\\\/20211202_104906-1-scaled.jpg\",\"datePublished\":\"2022-01-05T12:56:43+00:00\",\"dateModified\":\"2022-03-10T11:41:31+00:00\",\"breadcrumb\":{\"@id\":\"https:\\\/\\\/simonza.sk\\\/masirka-hollstein-150l\\\/#breadcrumb\"},\"inLanguage\":\"en-GB\",\"potentialAction\":[{\"@type\":\"ReadAction\",\"target\":[\"https:\\\/\\\/simonza.sk\\\/masirka-hollstein-150l\\\/\"]}]},{\"@type\":\"ImageObject\",\"inLanguage\":\"en-GB\",\"@id\":\"https:\\\/\\\/simonza.sk\\\/masirka-hollstein-150l\\\/#primaryimage\",\"url\":\"https:\\\/\\\/agfoodstech.sk\\\/wp-content\\\/uploads\\\/2022\\\/01\\\/20211202_104906-1-scaled.jpg\",\"contentUrl\":\"https:\\\/\\\/agfoodstech.sk\\\/wp-content\\\/uploads\\\/2022\\\/01\\\/20211202_104906-1-scaled.jpg\"},{\"@type\":\"BreadcrumbList\",\"@id\":\"https:\\\/\\\/simonza.sk\\\/masirka-hollstein-150l\\\/#breadcrumb\",\"itemListElement\":[{\"@type\":\"ListItem\",\"position\":1,\"name\":\"Domovsk\u00e1 str\u00e1nka\",\"item\":\"https:\\\/\\\/simonza.sk\\\/\"},{\"@type\":\"ListItem\",\"position\":2,\"name\":\"Mas\u00edrka Hollstein 150l\"}]},{\"@type\":\"WebSite\",\"@id\":\"https:\\\/\\\/simonza.sk\\\/#website\",\"url\":\"https:\\\/\\\/simonza.sk\\\/\",\"name\":\"Simonza\",\"description\":\"\",\"publisher\":{\"@id\":\"https:\\\/\\\/simonza.sk\\\/#organization\"},\"potentialAction\":[{\"@type\":\"SearchAction\",\"target\":{\"@type\":\"EntryPoint\",\"urlTemplate\":\"https:\\\/\\\/simonza.sk\\\/?s={search_term_string}\"},\"query-input\":{\"@type\":\"PropertyValueSpecification\",\"valueRequired\":true,\"valueName\":\"search_term_string\"}}],\"inLanguage\":\"en-GB\"},{\"@type\":\"Organization\",\"@id\":\"https:\\\/\\\/simonza.sk\\\/#organization\",\"name\":\"SIMONZA s.r.o.\",\"url\":\"https:\\\/\\\/simonza.sk\\\/\",\"logo\":{\"@type\":\"ImageObject\",\"inLanguage\":\"en-GB\",\"@id\":\"https:\\\/\\\/simonza.sk\\\/#\\\/schema\\\/logo\\\/image\\\/\",\"url\":\"https:\\\/\\\/simonza.sk\\\/wp-content\\\/uploads\\\/2022\\\/03\\\/Simonza-Adobe-Gurmukh-bold-PNG.png\",\"contentUrl\":\"https:\\\/\\\/simonza.sk\\\/wp-content\\\/uploads\\\/2022\\\/03\\\/Simonza-Adobe-Gurmukh-bold-PNG.png\",\"width\":2835,\"height\":2835,\"caption\":\"SIMONZA s.r.o.\"},\"image\":{\"@id\":\"https:\\\/\\\/simonza.sk\\\/#\\\/schema\\\/logo\\\/image\\\/\"}}]}<\/script>\n<!-- \/ Yoast SEO plugin. -->","yoast_head_json":{"title":"Mas\u00edrka Hollstein 150l - Simonza","robots":{"index":"noindex","follow":"follow"},"og_locale":"en_GB","og_type":"article","og_title":"Mas\u00edrka Hollstein 150l - Simonza","og_description":"Mas\u00edrka Hollstein Vykl\u00e1pacia mas\u00edrka &#8211; tumbler zna\u010dky Hollstein &amp; Fuhrmann, Rak\u00fasko Objem: 150 l Daj\u00fa sa nastavi\u0165 ot\u00e1\u010dky, mo\u017enos\u0165 programovania. Nehrdzavej\u00faci materi\u00e1l.\u00a0 Rozmery (\u0161 x v x d): 110 x 96 x 76 cm Oh\u013eadom ceny na zariadenie n\u00e1m nap\u00ed\u0161te na: office@simonza.sk","og_url":"https:\/\/simonza.sk\/en\/masirka-hollstein-150l\/","og_site_name":"Simonza","article_modified_time":"2022-03-10T11:41:31+00:00","og_image":[{"url":"https:\/\/agfoodstech.sk\/wp-content\/uploads\/2022\/01\/20211202_104906-1-scaled.jpg","type":"","width":"","height":""}],"twitter_card":"summary_large_image","twitter_misc":{"Estimated reading time":"2 minutes"},"schema":{"@context":"https:\/\/schema.org","@graph":[{"@type":"WebPage","@id":"https:\/\/simonza.sk\/masirka-hollstein-150l\/","url":"https:\/\/simonza.sk\/masirka-hollstein-150l\/","name":"Mas\u00edrka Hollstein 150l - Simonza","isPartOf":{"@id":"https:\/\/simonza.sk\/#website"},"primaryImageOfPage":{"@id":"https:\/\/simonza.sk\/masirka-hollstein-150l\/#primaryimage"},"image":{"@id":"https:\/\/simonza.sk\/masirka-hollstein-150l\/#primaryimage"},"thumbnailUrl":"https:\/\/agfoodstech.sk\/wp-content\/uploads\/2022\/01\/20211202_104906-1-scaled.jpg","datePublished":"2022-01-05T12:56:43+00:00","dateModified":"2022-03-10T11:41:31+00:00","breadcrumb":{"@id":"https:\/\/simonza.sk\/masirka-hollstein-150l\/#breadcrumb"},"inLanguage":"en-GB","potentialAction":[{"@type":"ReadAction","target":["https:\/\/simonza.sk\/masirka-hollstein-150l\/"]}]},{"@type":"ImageObject","inLanguage":"en-GB","@id":"https:\/\/simonza.sk\/masirka-hollstein-150l\/#primaryimage","url":"https:\/\/agfoodstech.sk\/wp-content\/uploads\/2022\/01\/20211202_104906-1-scaled.jpg","contentUrl":"https:\/\/agfoodstech.sk\/wp-content\/uploads\/2022\/01\/20211202_104906-1-scaled.jpg"},{"@type":"BreadcrumbList","@id":"https:\/\/simonza.sk\/masirka-hollstein-150l\/#breadcrumb","itemListElement":[{"@type":"ListItem","position":1,"name":"Domovsk\u00e1 str\u00e1nka","item":"https:\/\/simonza.sk\/"},{"@type":"ListItem","position":2,"name":"Mas\u00edrka Hollstein 150l"}]},{"@type":"WebSite","@id":"https:\/\/simonza.sk\/#website","url":"https:\/\/simonza.sk\/","name":"Simonza","description":"","publisher":{"@id":"https:\/\/simonza.sk\/#organization"},"potentialAction":[{"@type":"SearchAction","target":{"@type":"EntryPoint","urlTemplate":"https:\/\/simonza.sk\/?s={search_term_string}"},"query-input":{"@type":"PropertyValueSpecification","valueRequired":true,"valueName":"search_term_string"}}],"inLanguage":"en-GB"},{"@type":"Organization","@id":"https:\/\/simonza.sk\/#organization","name":"SIMONZA s.r.o.","url":"https:\/\/simonza.sk\/","logo":{"@type":"ImageObject","inLanguage":"en-GB","@id":"https:\/\/simonza.sk\/#\/schema\/logo\/image\/","url":"https:\/\/simonza.sk\/wp-content\/uploads\/2022\/03\/Simonza-Adobe-Gurmukh-bold-PNG.png","contentUrl":"https:\/\/simonza.sk\/wp-content\/uploads\/2022\/03\/Simonza-Adobe-Gurmukh-bold-PNG.png","width":2835,"height":2835,"caption":"SIMONZA s.r.o."},"image":{"@id":"https:\/\/simonza.sk\/#\/schema\/logo\/image\/"}}]}},"_links":{"self":[{"href":"https:\/\/simonza.sk\/en\/wp-json\/wp\/v2\/pages\/1154","targetHints":{"allow":["GET"]}}],"collection":[{"href":"https:\/\/simonza.sk\/en\/wp-json\/wp\/v2\/pages"}],"about":[{"href":"https:\/\/simonza.sk\/en\/wp-json\/wp\/v2\/types\/page"}],"author":[{"embeddable":true,"href":"https:\/\/simonza.sk\/en\/wp-json\/wp\/v2\/users\/1"}],"replies":[{"embeddable":true,"href":"https:\/\/simonza.sk\/en\/wp-json\/wp\/v2\/comments?post=1154"}],"version-history":[{"count":7,"href":"https:\/\/simonza.sk\/en\/wp-json\/wp\/v2\/pages\/1154\/revisions"}],"predecessor-version":[{"id":1433,"href":"https:\/\/simonza.sk\/en\/wp-json\/wp\/v2\/pages\/1154\/revisions\/1433"}],"wp:attachment":[{"href":"https:\/\/simonza.sk\/en\/wp-json\/wp\/v2\/media?parent=1154"}],"curies":[{"name":"wp","href":"https:\/\/api.w.org\/{rel}","templated":true}]}}