{"id":104,"date":"2021-10-25T12:27:51","date_gmt":"2021-10-25T10:27:51","guid":{"rendered":"https:\/\/agfoodstech.sk\/?page_id=104"},"modified":"2023-01-30T13:29:07","modified_gmt":"2023-01-30T12:29:07","slug":"kontakt","status":"publish","type":"page","link":"https:\/\/simonza.sk\/en\/kontakt\/","title":{"rendered":"Contact"},"content":{"rendered":"<div data-elementor-type=\"wp-page\" data-elementor-id=\"104\" class=\"elementor elementor-104\">\n\t\t\t\t\t\t<section class=\"elementor-section elementor-top-section elementor-element elementor-element-32975cbd elementor-section-height-min-height elementor-section-content-middle elementor-section-stretched elementor-section-boxed elementor-section-height-default elementor-section-items-middle\" data-id=\"32975cbd\" data-element_type=\"section\" data-e-type=\"section\" data-settings=\"{&quot;background_background&quot;:&quot;classic&quot;,&quot;stretch_section&quot;:&quot;section-stretched&quot;}\">\n\t\t\t\t\t\t<div class=\"elementor-container elementor-column-gap-default\">\n\t\t\t\t\t<div class=\"elementor-column elementor-col-33 elementor-top-column elementor-element elementor-element-144f880a\" data-id=\"144f880a\" data-element_type=\"column\" data-e-type=\"column\">\n\t\t\t<div class=\"elementor-widget-wrap elementor-element-populated\">\n\t\t\t\t\t\t<div class=\"elementor-element elementor-element-3952dc98 elementor-widget elementor-widget-testimonial\" data-id=\"3952dc98\" data-element_type=\"widget\" data-e-type=\"widget\" data-widget_type=\"testimonial.default\">\n\t\t\t\t<div class=\"elementor-widget-container\">\n\t\t\t\t\t\t\t<div class=\"elementor-testimonial-wrapper\">\n\t\t\t\t\t\t\t<div class=\"elementor-testimonial-content\">SIMONZA s.r.o.<br><br>You can find us here: <br>Na p\u00edlu 2,  941 12<br>Iv\u00e1nka pri Nitre <br>Slovakia<br>office@simonza.sk<br>+421 907 904 130<\/div>\n\t\t\t\n\t\t\t\t\t<\/div>\n\t\t\t\t\t\t<\/div>\n\t\t\t\t<\/div>\n\t\t\t\t\t<\/div>\n\t\t<\/div>\n\t\t\t\t<div class=\"elementor-column elementor-col-33 elementor-top-column elementor-element elementor-element-3ae24a28\" data-id=\"3ae24a28\" data-element_type=\"column\" data-e-type=\"column\">\n\t\t\t<div class=\"elementor-widget-wrap elementor-element-populated\">\n\t\t\t\t\t\t<div class=\"elementor-element elementor-element-6547d1a elementor-widget elementor-widget-google_maps\" data-id=\"6547d1a\" data-element_type=\"widget\" data-e-type=\"widget\" data-widget_type=\"google_maps.default\">\n\t\t\t\t<div class=\"elementor-widget-container\">\n\t\t\t\t\t\t\t<div class=\"elementor-custom-embed\">\n\t\t\t<iframe loading=\"lazy\"\n\t\t\t\t\tsrc=\"https:\/\/maps.google.com\/maps?q=Iv%C3%A1nka%20pri%20Nitre%2C%20Na%20P%C3%ADlu%202&#038;t=m&#038;z=10&#038;output=embed&#038;iwloc=near\"\n\t\t\t\t\ttitle=\"Iv\u00e1nka pri Nitre, Na P\u00edlu 2\"\n\t\t\t\t\taria-label=\"Iv\u00e1nka pri Nitre, Na P\u00edlu 2\"\n\t\t\t><\/iframe>\n\t\t<\/div>\n\t\t\t\t\t\t<\/div>\n\t\t\t\t<\/div>\n\t\t\t\t\t<\/div>\n\t\t<\/div>\n\t\t\t\t<div class=\"elementor-column elementor-col-33 elementor-top-column elementor-element elementor-element-66221f96\" data-id=\"66221f96\" data-element_type=\"column\" data-e-type=\"column\">\n\t\t\t<div class=\"elementor-widget-wrap elementor-element-populated\">\n\t\t\t\t\t\t\t<\/div>\n\t\t<\/div>\n\t\t\t\t\t<\/div>\n\t\t<\/section>\n\t\t\t\t<\/div>","protected":false},"excerpt":{"rendered":"<p>SIMONZA s.r.o. N\u00e1jdete n\u00e1s na adrese: Na p\u00edlu 2, 941 12Iv\u00e1nka pri Nitre Slovenskooffice@simonza.sk+421 907 904 130<\/p>","protected":false},"author":1,"featured_media":0,"parent":0,"menu_order":0,"comment_status":"closed","ping_status":"closed","template":"page-templates\/template-pagebuilder-full-width.php","meta":{"neve_meta_sidebar":"","neve_meta_container":"","neve_meta_enable_content_width":"","neve_meta_content_width":0,"neve_meta_title_alignment":"","neve_meta_author_avatar":"","neve_post_elements_order":"","neve_meta_disable_header":"","neve_meta_disable_footer":"","neve_meta_disable_title":"","footnotes":""},"class_list":["post-104","page","type-page","status-publish","hentry"],"yoast_head":"<!-- This site is optimized with the Yoast SEO plugin v27.4 - https:\/\/yoast.com\/product\/yoast-seo-wordpress\/ -->\n<title>Kontakt - Simonza<\/title>\n<meta name=\"robots\" content=\"noindex, follow\" \/>\n<meta property=\"og:locale\" content=\"en_GB\" \/>\n<meta property=\"og:type\" content=\"article\" \/>\n<meta property=\"og:title\" content=\"Kontakt - Simonza\" \/>\n<meta property=\"og:description\" content=\"SIMONZA s.r.o. N\u00e1jdete n\u00e1s na adrese: Na p\u00edlu 2, 941 12Iv\u00e1nka pri Nitre Slovenskooffice@simonza.sk+421 907 904 130\" \/>\n<meta property=\"og:url\" content=\"https:\/\/simonza.sk\/en\/kontakt\/\" \/>\n<meta property=\"og:site_name\" content=\"Simonza\" \/>\n<meta property=\"article:modified_time\" content=\"2023-01-30T12:29:07+00:00\" \/>\n<meta name=\"twitter:card\" content=\"summary_large_image\" \/>\n<meta name=\"twitter:label1\" content=\"Estimated reading time\" \/>\n\t<meta name=\"twitter:data1\" content=\"1 minute\" \/>\n<script type=\"application\/ld+json\" class=\"yoast-schema-graph\">{\"@context\":\"https:\\\/\\\/schema.org\",\"@graph\":[{\"@type\":\"WebPage\",\"@id\":\"https:\\\/\\\/simonza.sk\\\/kontakt\\\/\",\"url\":\"https:\\\/\\\/simonza.sk\\\/kontakt\\\/\",\"name\":\"Kontakt - Simonza\",\"isPartOf\":{\"@id\":\"https:\\\/\\\/simonza.sk\\\/#website\"},\"datePublished\":\"2021-10-25T10:27:51+00:00\",\"dateModified\":\"2023-01-30T12:29:07+00:00\",\"breadcrumb\":{\"@id\":\"https:\\\/\\\/simonza.sk\\\/kontakt\\\/#breadcrumb\"},\"inLanguage\":\"en-GB\",\"potentialAction\":[{\"@type\":\"ReadAction\",\"target\":[\"https:\\\/\\\/simonza.sk\\\/kontakt\\\/\"]}]},{\"@type\":\"BreadcrumbList\",\"@id\":\"https:\\\/\\\/simonza.sk\\\/kontakt\\\/#breadcrumb\",\"itemListElement\":[{\"@type\":\"ListItem\",\"position\":1,\"name\":\"Domovsk\u00e1 str\u00e1nka\",\"item\":\"https:\\\/\\\/simonza.sk\\\/\"},{\"@type\":\"ListItem\",\"position\":2,\"name\":\"Kontakt\"}]},{\"@type\":\"WebSite\",\"@id\":\"https:\\\/\\\/simonza.sk\\\/#website\",\"url\":\"https:\\\/\\\/simonza.sk\\\/\",\"name\":\"Simonza\",\"description\":\"\",\"publisher\":{\"@id\":\"https:\\\/\\\/simonza.sk\\\/#organization\"},\"potentialAction\":[{\"@type\":\"SearchAction\",\"target\":{\"@type\":\"EntryPoint\",\"urlTemplate\":\"https:\\\/\\\/simonza.sk\\\/?s={search_term_string}\"},\"query-input\":{\"@type\":\"PropertyValueSpecification\",\"valueRequired\":true,\"valueName\":\"search_term_string\"}}],\"inLanguage\":\"en-GB\"},{\"@type\":\"Organization\",\"@id\":\"https:\\\/\\\/simonza.sk\\\/#organization\",\"name\":\"SIMONZA s.r.o.\",\"url\":\"https:\\\/\\\/simonza.sk\\\/\",\"logo\":{\"@type\":\"ImageObject\",\"inLanguage\":\"en-GB\",\"@id\":\"https:\\\/\\\/simonza.sk\\\/#\\\/schema\\\/logo\\\/image\\\/\",\"url\":\"https:\\\/\\\/simonza.sk\\\/wp-content\\\/uploads\\\/2022\\\/03\\\/Simonza-Adobe-Gurmukh-bold-PNG.png\",\"contentUrl\":\"https:\\\/\\\/simonza.sk\\\/wp-content\\\/uploads\\\/2022\\\/03\\\/Simonza-Adobe-Gurmukh-bold-PNG.png\",\"width\":2835,\"height\":2835,\"caption\":\"SIMONZA s.r.o.\"},\"image\":{\"@id\":\"https:\\\/\\\/simonza.sk\\\/#\\\/schema\\\/logo\\\/image\\\/\"}}]}<\/script>\n<!-- \/ Yoast SEO plugin. -->","yoast_head_json":{"title":"Kontakt - Simonza","robots":{"index":"noindex","follow":"follow"},"og_locale":"en_GB","og_type":"article","og_title":"Kontakt - Simonza","og_description":"SIMONZA s.r.o. N\u00e1jdete n\u00e1s na adrese: Na p\u00edlu 2, 941 12Iv\u00e1nka pri Nitre Slovenskooffice@simonza.sk+421 907 904 130","og_url":"https:\/\/simonza.sk\/en\/kontakt\/","og_site_name":"Simonza","article_modified_time":"2023-01-30T12:29:07+00:00","twitter_card":"summary_large_image","twitter_misc":{"Estimated reading time":"1 minute"},"schema":{"@context":"https:\/\/schema.org","@graph":[{"@type":"WebPage","@id":"https:\/\/simonza.sk\/kontakt\/","url":"https:\/\/simonza.sk\/kontakt\/","name":"Kontakt - Simonza","isPartOf":{"@id":"https:\/\/simonza.sk\/#website"},"datePublished":"2021-10-25T10:27:51+00:00","dateModified":"2023-01-30T12:29:07+00:00","breadcrumb":{"@id":"https:\/\/simonza.sk\/kontakt\/#breadcrumb"},"inLanguage":"en-GB","potentialAction":[{"@type":"ReadAction","target":["https:\/\/simonza.sk\/kontakt\/"]}]},{"@type":"BreadcrumbList","@id":"https:\/\/simonza.sk\/kontakt\/#breadcrumb","itemListElement":[{"@type":"ListItem","position":1,"name":"Domovsk\u00e1 str\u00e1nka","item":"https:\/\/simonza.sk\/"},{"@type":"ListItem","position":2,"name":"Kontakt"}]},{"@type":"WebSite","@id":"https:\/\/simonza.sk\/#website","url":"https:\/\/simonza.sk\/","name":"Simonza","description":"","publisher":{"@id":"https:\/\/simonza.sk\/#organization"},"potentialAction":[{"@type":"SearchAction","target":{"@type":"EntryPoint","urlTemplate":"https:\/\/simonza.sk\/?s={search_term_string}"},"query-input":{"@type":"PropertyValueSpecification","valueRequired":true,"valueName":"search_term_string"}}],"inLanguage":"en-GB"},{"@type":"Organization","@id":"https:\/\/simonza.sk\/#organization","name":"SIMONZA s.r.o.","url":"https:\/\/simonza.sk\/","logo":{"@type":"ImageObject","inLanguage":"en-GB","@id":"https:\/\/simonza.sk\/#\/schema\/logo\/image\/","url":"https:\/\/simonza.sk\/wp-content\/uploads\/2022\/03\/Simonza-Adobe-Gurmukh-bold-PNG.png","contentUrl":"https:\/\/simonza.sk\/wp-content\/uploads\/2022\/03\/Simonza-Adobe-Gurmukh-bold-PNG.png","width":2835,"height":2835,"caption":"SIMONZA s.r.o."},"image":{"@id":"https:\/\/simonza.sk\/#\/schema\/logo\/image\/"}}]}},"_links":{"self":[{"href":"https:\/\/simonza.sk\/en\/wp-json\/wp\/v2\/pages\/104","targetHints":{"allow":["GET"]}}],"collection":[{"href":"https:\/\/simonza.sk\/en\/wp-json\/wp\/v2\/pages"}],"about":[{"href":"https:\/\/simonza.sk\/en\/wp-json\/wp\/v2\/types\/page"}],"author":[{"embeddable":true,"href":"https:\/\/simonza.sk\/en\/wp-json\/wp\/v2\/users\/1"}],"replies":[{"embeddable":true,"href":"https:\/\/simonza.sk\/en\/wp-json\/wp\/v2\/comments?post=104"}],"version-history":[{"count":31,"href":"https:\/\/simonza.sk\/en\/wp-json\/wp\/v2\/pages\/104\/revisions"}],"predecessor-version":[{"id":1923,"href":"https:\/\/simonza.sk\/en\/wp-json\/wp\/v2\/pages\/104\/revisions\/1923"}],"wp:attachment":[{"href":"https:\/\/simonza.sk\/en\/wp-json\/wp\/v2\/media?parent=104"}],"curies":[{"name":"wp","href":"https:\/\/api.w.org\/{rel}","templated":true}]}}