{"id":1013,"date":"2021-12-17T10:40:25","date_gmt":"2021-12-17T09:40:25","guid":{"rendered":"https:\/\/agfoodstech.sk\/?page_id=1013"},"modified":"2022-03-10T12:38:40","modified_gmt":"2022-03-10T11:38:40","slug":"ramon-kuter-75-var","status":"publish","type":"page","link":"https:\/\/simonza.sk\/en\/ramon-kuter-75-var\/","title":{"rendered":"Ramon k\u00fater 75 VAR"},"content":{"rendered":"<div data-elementor-type=\"wp-page\" data-elementor-id=\"1013\" class=\"elementor elementor-1013\">\n\t\t\t\t\t\t<section class=\"elementor-section elementor-top-section elementor-element elementor-element-6bd03573 elementor-section-boxed elementor-section-height-default elementor-section-height-default\" data-id=\"6bd03573\" data-element_type=\"section\" data-e-type=\"section\">\n\t\t\t\t\t\t<div class=\"elementor-container elementor-column-gap-default\">\n\t\t\t\t\t<div class=\"elementor-column elementor-col-100 elementor-top-column elementor-element elementor-element-58f75c4e\" data-id=\"58f75c4e\" data-element_type=\"column\" data-e-type=\"column\">\n\t\t\t<div class=\"elementor-widget-wrap elementor-element-populated\">\n\t\t\t\t\t\t<div class=\"elementor-element elementor-element-1b007a5e elementor-widget elementor-widget-heading\" data-id=\"1b007a5e\" data-element_type=\"widget\" data-e-type=\"widget\" data-widget_type=\"heading.default\">\n\t\t\t\t<div class=\"elementor-widget-container\">\n\t\t\t\t\t<h2 class=\"elementor-heading-title elementor-size-default\">K\u00fater Ramon AS-75 VAR<\/h2>\t\t\t\t<\/div>\n\t\t\t\t<\/div>\n\t\t\t\t<div class=\"elementor-element elementor-element-3438bd01 elementor-widget elementor-widget-text-editor\" data-id=\"3438bd01\" data-element_type=\"widget\" data-e-type=\"widget\" data-widget_type=\"text-editor.default\">\n\t\t\t\t<div class=\"elementor-widget-container\">\n\t\t\t\t\t\t\t\t\t<p>K\u00fater s kapacitou 75 litrov zna\u010dky Ramon. K\u00fater aj misa z nehrdzavej\u00facej ocele AISI 304. Robustn\u00e1 kon\u0161trukcia zabra\u0148uj\u00faca vibr\u00e1ci\u00e1m.\u00a0<span style=\"font-family: var( --e-global-typography-text-font-family ), Sans-serif; font-size: var(--bodyFontSize); font-weight: var( --e-global-typography-text-font-weight ); letter-spacing: var(--bodyLetterSpacing); text-transform: var(--bodyTextTransform);\">Vybaven\u00e9 bezpe\u010dnostnou brzdou na no\u017eoch.\u00a0<\/span><span style=\"font-family: var( --e-global-typography-text-font-family ), Sans-serif; font-weight: var( --e-global-typography-text-font-weight ); font-size: var(--bodyFontSize); letter-spacing: var(--bodyLetterSpacing); text-transform: var(--bodyTextTransform);\">Vybaven\u00e9 3 no\u017emi (mo\u017enos\u0165 6 no\u017eov).\u00a0<\/span><span style=\"font-family: var( --e-global-typography-text-font-family ), Sans-serif; font-weight: var( --e-global-typography-text-font-weight ); font-size: var(--bodyFontSize); letter-spacing: var(--bodyLetterSpacing); text-transform: var(--bodyTextTransform);\">Vybaven\u00fd 2 nez\u00e1visl\u00fdmi motormi.\u00a0<\/span><span style=\"font-family: var( --e-global-typography-text-font-family ), Sans-serif; font-weight: var( --e-global-typography-text-font-weight ); font-size: var(--bodyFontSize); letter-spacing: var(--bodyLetterSpacing); text-transform: var(--bodyTextTransform);\">Pomal\u00e1 r\u00fdchlos\u0165 mie\u0161ania v oboch smeroch.\u00a0<\/span><span style=\"font-family: var( --e-global-typography-text-font-family ), Sans-serif; font-weight: var( --e-global-typography-text-font-weight ); font-size: var(--bodyFontSize); letter-spacing: var(--bodyLetterSpacing); text-transform: var(--bodyTextTransform);\">Vr\u00e1tane digit\u00e1lneho teplomeru.\u00a0<\/span><span style=\"font-family: var( --e-global-typography-text-font-family ), Sans-serif; font-weight: var( --e-global-typography-text-font-weight ); font-size: var(--bodyFontSize); letter-spacing: var(--bodyLetterSpacing); text-transform: var(--bodyTextTransform);\">V\u00fdkon motora no\u017eov: 30 HP\/ 22 kW.\u00a0<\/span><span style=\"font-family: var( --e-global-typography-text-font-family ), Sans-serif; font-weight: var( --e-global-typography-text-font-weight ); font-size: var(--bodyFontSize); letter-spacing: var(--bodyLetterSpacing); text-transform: var(--bodyTextTransform);\">V\u00fdkon motora misy: 1,5 HP\/ 1,10 kW.\u00a0<\/span><span style=\"font-family: var( --e-global-typography-text-font-family ), Sans-serif; font-weight: var( --e-global-typography-text-font-weight ); font-size: var(--bodyFontSize); letter-spacing: var(--bodyLetterSpacing); text-transform: var(--bodyTextTransform);\">R\u00fdchlos\u0165 no\u017ea: 1 000 a\u017e 3 000 ot.\/min.\u00a0<\/span><span style=\"font-family: var( --e-global-typography-text-font-family ), Sans-serif; font-weight: var( --e-global-typography-text-font-weight ); font-size: var(--bodyFontSize); letter-spacing: var(--bodyLetterSpacing); text-transform: var(--bodyTextTransform);\">R\u00fdchlos\u0165 misky: 12 a\u017e 24 ot.\/min.\u00a0<\/span><\/p><p>Mo\u017enosti:\u00a0<span style=\"font-family: var( --e-global-typography-text-font-family ), Sans-serif; font-size: var(--bodyFontSize); font-weight: var( --e-global-typography-text-font-weight ); letter-spacing: var(--bodyLetterSpacing); text-transform: var(--bodyTextTransform);\">Extra 3-no\u017eov\u00e1 hlava, e<\/span><span style=\"font-family: var( --e-global-typography-text-font-family ), Sans-serif; font-size: var(--bodyFontSize); font-weight: var( --e-global-typography-text-font-weight ); letter-spacing: var(--bodyLetterSpacing); text-transform: var(--bodyTextTransform);\">xtra 6-no\u017eov\u00e1 hlava, v<\/span><span style=\"font-family: var( --e-global-typography-text-font-family ), Sans-serif; font-size: var(--bodyFontSize); font-weight: var( --e-global-typography-text-font-weight ); letter-spacing: var(--bodyLetterSpacing); text-transform: var(--bodyTextTransform);\">ybavenie 6 no\u017emi namiesto 3, vykl\u00e1pa\u010d.<\/span><span style=\"font-family: var( --e-global-typography-text-font-family ), Sans-serif; font-weight: var( --e-global-typography-text-font-weight ); font-size: var(--bodyFontSize); letter-spacing: var(--bodyLetterSpacing); text-transform: var(--bodyTextTransform);\"><br \/><\/span><\/p><p>\u010cist\u00e1 hmotnos\u0165: 890 kg.<\/p>\t\t\t\t\t\t\t\t<\/div>\n\t\t\t\t<\/div>\n\t\t\t\t\t<\/div>\n\t\t<\/div>\n\t\t\t\t\t<\/div>\n\t\t<\/section>\n\t\t\t\t<section class=\"elementor-section elementor-top-section elementor-element elementor-element-35fd2dcb elementor-section-height-min-height elementor-section-items-stretch elementor-section-content-middle elementor-section-boxed elementor-section-height-default\" data-id=\"35fd2dcb\" data-element_type=\"section\" data-e-type=\"section\">\n\t\t\t\t\t\t<div class=\"elementor-container elementor-column-gap-default\">\n\t\t\t\t\t<div class=\"elementor-column elementor-col-50 elementor-top-column elementor-element elementor-element-d4cf47c\" data-id=\"d4cf47c\" data-element_type=\"column\" data-e-type=\"column\" data-settings=\"{&quot;background_background&quot;:&quot;classic&quot;}\">\n\t\t\t<div class=\"elementor-widget-wrap elementor-element-populated\">\n\t\t\t\t\t\t<div class=\"elementor-element elementor-element-82c3310 elementor-widget elementor-widget-heading\" data-id=\"82c3310\" data-element_type=\"widget\" data-e-type=\"widget\" data-widget_type=\"heading.default\">\n\t\t\t\t<div class=\"elementor-widget-container\">\n\t\t\t\t\t<h2 class=\"elementor-heading-title elementor-size-large\">Oh\u013eadom ceny na  zariadenie n\u00e1m nap\u00ed\u0161te na:<\/h2>\t\t\t\t<\/div>\n\t\t\t\t<\/div>\n\t\t\t\t\t<\/div>\n\t\t<\/div>\n\t\t\t\t<div class=\"elementor-column elementor-col-50 elementor-top-column elementor-element elementor-element-2a68aa6e\" data-id=\"2a68aa6e\" data-element_type=\"column\" data-e-type=\"column\" data-settings=\"{&quot;background_background&quot;:&quot;classic&quot;}\">\n\t\t\t<div class=\"elementor-widget-wrap elementor-element-populated\">\n\t\t\t\t\t\t<div class=\"elementor-element elementor-element-268872e elementor-icon-list--layout-inline elementor-tablet-align-start elementor-list-item-link-full_width elementor-widget elementor-widget-icon-list\" data-id=\"268872e\" data-element_type=\"widget\" data-e-type=\"widget\" data-widget_type=\"icon-list.default\">\n\t\t\t\t<div class=\"elementor-widget-container\">\n\t\t\t\t\t\t\t<ul class=\"elementor-icon-list-items elementor-inline-items\">\n\t\t\t\t\t\t\t<li class=\"elementor-icon-list-item elementor-inline-item\">\n\t\t\t\t\t\t\t\t\t\t\t<a href=\"\">\n\n\t\t\t\t\t\t\t\t\t\t\t\t<span class=\"elementor-icon-list-icon\">\n\t\t\t\t\t\t\t<i aria-hidden=\"true\" class=\"far fa-envelope\"><\/i>\t\t\t\t\t\t<\/span>\n\t\t\t\t\t\t\t\t\t\t<span class=\"elementor-icon-list-text\">office@simonza.sk<\/span>\n\t\t\t\t\t\t\t\t\t\t\t<\/a>\n\t\t\t\t\t\t\t\t\t<\/li>\n\t\t\t\t\t\t<\/ul>\n\t\t\t\t\t\t<\/div>\n\t\t\t\t<\/div>\n\t\t\t\t\t<\/div>\n\t\t<\/div>\n\t\t\t\t\t<\/div>\n\t\t<\/section>\n\t\t\t\t<section class=\"elementor-section elementor-top-section elementor-element elementor-element-2a3a3256 elementor-section-content-middle elementor-section-boxed elementor-section-height-default elementor-section-height-default\" data-id=\"2a3a3256\" data-element_type=\"section\" data-e-type=\"section\">\n\t\t\t\t\t\t<div class=\"elementor-container elementor-column-gap-default\">\n\t\t\t\t\t<div class=\"elementor-column elementor-col-100 elementor-top-column elementor-element elementor-element-c6fc1f3 elementor-sm-100\" data-id=\"c6fc1f3\" data-element_type=\"column\" data-e-type=\"column\">\n\t\t\t<div class=\"elementor-widget-wrap elementor-element-populated\">\n\t\t\t\t\t\t<div class=\"elementor-element elementor-element-21e903c8 gallery-spacing-custom elementor-widget elementor-widget-image-gallery\" data-id=\"21e903c8\" data-element_type=\"widget\" data-e-type=\"widget\" data-widget_type=\"image-gallery.default\">\n\t\t\t\t<div class=\"elementor-widget-container\">\n\t\t\t\t\t\t\t<div class=\"elementor-image-gallery\">\n\t\t\t<div id='gallery-1' class='gallery galleryid-1013 gallery-columns-3 gallery-size-full'><figure class='gallery-item'>\n\t\t\t<div class='gallery-icon landscape'>\n\t\t\t\t<a data-elementor-open-lightbox=\"yes\" data-elementor-lightbox-slideshow=\"21e903c8\" data-elementor-lightbox-title=\"cutter-3-cuchillas-cuadradas\" data-e-action-hash=\"#elementor-action%3Aaction%3Dlightbox%26settings%3DeyJpZCI6MTAyMSwidXJsIjoiaHR0cHM6XC9cL3NpbW9uemEuc2tcL3dwLWNvbnRlbnRcL3VwbG9hZHNcLzIwMjFcLzEyXC9jdXR0ZXItMy1jdWNoaWxsYXMtY3VhZHJhZGFzLmpwZyIsInNsaWRlc2hvdyI6IjIxZTkwM2M4In0%3D\" href='https:\/\/simonza.sk\/wp-content\/uploads\/2021\/12\/cutter-3-cuchillas-cuadradas.jpg'><img fetchpriority=\"high\" decoding=\"async\" width=\"600\" height=\"600\" src=\"https:\/\/simonza.sk\/wp-content\/uploads\/2021\/12\/cutter-3-cuchillas-cuadradas.jpg\" class=\"attachment-full size-full\" alt=\"\" srcset=\"https:\/\/simonza.sk\/wp-content\/uploads\/2021\/12\/cutter-3-cuchillas-cuadradas.jpg 600w, https:\/\/simonza.sk\/wp-content\/uploads\/2021\/12\/cutter-3-cuchillas-cuadradas-300x300.jpg 300w, https:\/\/simonza.sk\/wp-content\/uploads\/2021\/12\/cutter-3-cuchillas-cuadradas-150x150.jpg 150w\" sizes=\"(max-width: 600px) 100vw, 600px\" \/><\/a>\n\t\t\t<\/div><\/figure><figure class='gallery-item'>\n\t\t\t<div class='gallery-icon landscape'>\n\t\t\t\t<a data-elementor-open-lightbox=\"yes\" data-elementor-lightbox-slideshow=\"21e903c8\" data-elementor-lightbox-title=\"cutter-ak-ramon-AS-75-VAR-1\" data-e-action-hash=\"#elementor-action%3Aaction%3Dlightbox%26settings%3DeyJpZCI6MTAyMywidXJsIjoiaHR0cHM6XC9cL3NpbW9uemEuc2tcL3dwLWNvbnRlbnRcL3VwbG9hZHNcLzIwMjFcLzEyXC9jdXR0ZXItYWstcmFtb24tQVMtNzUtVkFSLTEucG5nIiwic2xpZGVzaG93IjoiMjFlOTAzYzgifQ%3D%3D\" href='https:\/\/simonza.sk\/wp-content\/uploads\/2021\/12\/cutter-ak-ramon-AS-75-VAR-1.png'><img decoding=\"async\" width=\"500\" height=\"500\" src=\"https:\/\/simonza.sk\/wp-content\/uploads\/2021\/12\/cutter-ak-ramon-AS-75-VAR-1.png\" class=\"attachment-full size-full\" alt=\"\" srcset=\"https:\/\/simonza.sk\/wp-content\/uploads\/2021\/12\/cutter-ak-ramon-AS-75-VAR-1.png 500w, https:\/\/simonza.sk\/wp-content\/uploads\/2021\/12\/cutter-ak-ramon-AS-75-VAR-1-300x300.png 300w, https:\/\/simonza.sk\/wp-content\/uploads\/2021\/12\/cutter-ak-ramon-AS-75-VAR-1-150x150.png 150w\" sizes=\"(max-width: 500px) 100vw, 500px\" \/><\/a>\n\t\t\t<\/div><\/figure><figure class='gallery-item'>\n\t\t\t<div class='gallery-icon landscape'>\n\t\t\t\t<a data-elementor-open-lightbox=\"yes\" data-elementor-lightbox-slideshow=\"21e903c8\" data-elementor-lightbox-title=\"cutter-6-cuchillas-cuadradas\" data-e-action-hash=\"#elementor-action%3Aaction%3Dlightbox%26settings%3DeyJpZCI6MTAyNSwidXJsIjoiaHR0cHM6XC9cL3NpbW9uemEuc2tcL3dwLWNvbnRlbnRcL3VwbG9hZHNcLzIwMjFcLzEyXC9jdXR0ZXItNi1jdWNoaWxsYXMtY3VhZHJhZGFzLTEuanBnIiwic2xpZGVzaG93IjoiMjFlOTAzYzgifQ%3D%3D\" href='https:\/\/simonza.sk\/wp-content\/uploads\/2021\/12\/cutter-6-cuchillas-cuadradas-1.jpg'><img decoding=\"async\" width=\"600\" height=\"600\" src=\"https:\/\/simonza.sk\/wp-content\/uploads\/2021\/12\/cutter-6-cuchillas-cuadradas-1.jpg\" class=\"attachment-full size-full\" alt=\"\" srcset=\"https:\/\/simonza.sk\/wp-content\/uploads\/2021\/12\/cutter-6-cuchillas-cuadradas-1.jpg 600w, https:\/\/simonza.sk\/wp-content\/uploads\/2021\/12\/cutter-6-cuchillas-cuadradas-1-300x300.jpg 300w, https:\/\/simonza.sk\/wp-content\/uploads\/2021\/12\/cutter-6-cuchillas-cuadradas-1-150x150.jpg 150w\" sizes=\"(max-width: 600px) 100vw, 600px\" \/><\/a>\n\t\t\t<\/div><\/figure>\n\t\t<\/div>\n\t\t<\/div>\n\t\t\t\t\t\t<\/div>\n\t\t\t\t<\/div>\n\t\t\t\t\t<\/div>\n\t\t<\/div>\n\t\t\t\t\t<\/div>\n\t\t<\/section>\n\t\t\t\t<\/div>","protected":false},"excerpt":{"rendered":"<p>K\u00fater Ramon AS-75 VAR K\u00fater s kapacitou 75 litrov zna\u010dky Ramon. K\u00fater aj misa z nehrdzavej\u00facej ocele AISI 304. Robustn\u00e1 kon\u0161trukcia zabra\u0148uj\u00faca vibr\u00e1ci\u00e1m.\u00a0Vybaven\u00e9 bezpe\u010dnostnou brzdou na no\u017eoch.\u00a0Vybaven\u00e9 3 no\u017emi (mo\u017enos\u0165 6 no\u017eov).\u00a0Vybaven\u00fd 2 nez\u00e1visl\u00fdmi motormi.\u00a0Pomal\u00e1 r\u00fdchlos\u0165 mie\u0161ania v oboch smeroch.\u00a0Vr\u00e1tane digit\u00e1lneho teplomeru.\u00a0V\u00fdkon motora no\u017eov: 30 HP\/ 22 kW.\u00a0V\u00fdkon motora misy: 1,5 HP\/ 1,10 kW.\u00a0R\u00fdchlos\u0165 no\u017ea:&hellip;&nbsp;<a href=\"https:\/\/simonza.sk\/en\/ramon-kuter-75-var\/\" rel=\"bookmark\"><span class=\"screen-reader-text\">Ramon k\u00fater 75 VAR<\/span><\/a><\/p>","protected":false},"author":1,"featured_media":0,"parent":0,"menu_order":0,"comment_status":"closed","ping_status":"closed","template":"page-templates\/template-pagebuilder-full-width.php","meta":{"neve_meta_sidebar":"","neve_meta_container":"","neve_meta_enable_content_width":"","neve_meta_content_width":0,"neve_meta_title_alignment":"","neve_meta_author_avatar":"","neve_post_elements_order":"","neve_meta_disable_header":"","neve_meta_disable_footer":"","neve_meta_disable_title":"","footnotes":""},"class_list":["post-1013","page","type-page","status-publish","hentry"],"yoast_head":"<!-- This site is optimized with the Yoast SEO plugin v27.4 - https:\/\/yoast.com\/product\/yoast-seo-wordpress\/ -->\n<title>Ramon k\u00fater 75 VAR - Simonza<\/title>\n<meta name=\"robots\" content=\"noindex, follow\" \/>\n<meta property=\"og:locale\" content=\"en_GB\" \/>\n<meta property=\"og:type\" content=\"article\" \/>\n<meta property=\"og:title\" content=\"Ramon k\u00fater 75 VAR - Simonza\" \/>\n<meta property=\"og:description\" content=\"K\u00fater Ramon AS-75 VAR K\u00fater s kapacitou 75 litrov zna\u010dky Ramon. K\u00fater aj misa z nehrdzavej\u00facej ocele AISI 304. Robustn\u00e1 kon\u0161trukcia zabra\u0148uj\u00faca vibr\u00e1ci\u00e1m.\u00a0Vybaven\u00e9 bezpe\u010dnostnou brzdou na no\u017eoch.\u00a0Vybaven\u00e9 3 no\u017emi (mo\u017enos\u0165 6 no\u017eov).\u00a0Vybaven\u00fd 2 nez\u00e1visl\u00fdmi motormi.\u00a0Pomal\u00e1 r\u00fdchlos\u0165 mie\u0161ania v oboch smeroch.\u00a0Vr\u00e1tane digit\u00e1lneho teplomeru.\u00a0V\u00fdkon motora no\u017eov: 30 HP\/ 22 kW.\u00a0V\u00fdkon motora misy: 1,5 HP\/ 1,10 kW.\u00a0R\u00fdchlos\u0165 no\u017ea:&hellip;&nbsp;Ramon k\u00fater 75 VAR\" \/>\n<meta property=\"og:url\" content=\"https:\/\/simonza.sk\/en\/ramon-kuter-75-var\/\" \/>\n<meta property=\"og:site_name\" content=\"Simonza\" \/>\n<meta property=\"article:modified_time\" content=\"2022-03-10T11:38:40+00:00\" \/>\n<meta property=\"og:image\" content=\"https:\/\/agfoodstech.sk\/wp-content\/uploads\/2021\/12\/cutter-3-cuchillas-cuadradas.jpg\" \/>\n<meta name=\"twitter:card\" content=\"summary_large_image\" \/>\n<meta name=\"twitter:label1\" content=\"Estimated reading time\" \/>\n\t<meta name=\"twitter:data1\" content=\"2 minutes\" \/>\n<script type=\"application\/ld+json\" class=\"yoast-schema-graph\">{\"@context\":\"https:\\\/\\\/schema.org\",\"@graph\":[{\"@type\":\"WebPage\",\"@id\":\"https:\\\/\\\/simonza.sk\\\/ramon-kuter-75-var\\\/\",\"url\":\"https:\\\/\\\/simonza.sk\\\/ramon-kuter-75-var\\\/\",\"name\":\"Ramon k\u00fater 75 VAR - Simonza\",\"isPartOf\":{\"@id\":\"https:\\\/\\\/simonza.sk\\\/#website\"},\"primaryImageOfPage\":{\"@id\":\"https:\\\/\\\/simonza.sk\\\/ramon-kuter-75-var\\\/#primaryimage\"},\"image\":{\"@id\":\"https:\\\/\\\/simonza.sk\\\/ramon-kuter-75-var\\\/#primaryimage\"},\"thumbnailUrl\":\"https:\\\/\\\/agfoodstech.sk\\\/wp-content\\\/uploads\\\/2021\\\/12\\\/cutter-3-cuchillas-cuadradas.jpg\",\"datePublished\":\"2021-12-17T09:40:25+00:00\",\"dateModified\":\"2022-03-10T11:38:40+00:00\",\"breadcrumb\":{\"@id\":\"https:\\\/\\\/simonza.sk\\\/ramon-kuter-75-var\\\/#breadcrumb\"},\"inLanguage\":\"en-GB\",\"potentialAction\":[{\"@type\":\"ReadAction\",\"target\":[\"https:\\\/\\\/simonza.sk\\\/ramon-kuter-75-var\\\/\"]}]},{\"@type\":\"ImageObject\",\"inLanguage\":\"en-GB\",\"@id\":\"https:\\\/\\\/simonza.sk\\\/ramon-kuter-75-var\\\/#primaryimage\",\"url\":\"https:\\\/\\\/agfoodstech.sk\\\/wp-content\\\/uploads\\\/2021\\\/12\\\/cutter-3-cuchillas-cuadradas.jpg\",\"contentUrl\":\"https:\\\/\\\/agfoodstech.sk\\\/wp-content\\\/uploads\\\/2021\\\/12\\\/cutter-3-cuchillas-cuadradas.jpg\"},{\"@type\":\"BreadcrumbList\",\"@id\":\"https:\\\/\\\/simonza.sk\\\/ramon-kuter-75-var\\\/#breadcrumb\",\"itemListElement\":[{\"@type\":\"ListItem\",\"position\":1,\"name\":\"Domovsk\u00e1 str\u00e1nka\",\"item\":\"https:\\\/\\\/simonza.sk\\\/\"},{\"@type\":\"ListItem\",\"position\":2,\"name\":\"Ramon k\u00fater 75 VAR\"}]},{\"@type\":\"WebSite\",\"@id\":\"https:\\\/\\\/simonza.sk\\\/#website\",\"url\":\"https:\\\/\\\/simonza.sk\\\/\",\"name\":\"Simonza\",\"description\":\"\",\"publisher\":{\"@id\":\"https:\\\/\\\/simonza.sk\\\/#organization\"},\"potentialAction\":[{\"@type\":\"SearchAction\",\"target\":{\"@type\":\"EntryPoint\",\"urlTemplate\":\"https:\\\/\\\/simonza.sk\\\/?s={search_term_string}\"},\"query-input\":{\"@type\":\"PropertyValueSpecification\",\"valueRequired\":true,\"valueName\":\"search_term_string\"}}],\"inLanguage\":\"en-GB\"},{\"@type\":\"Organization\",\"@id\":\"https:\\\/\\\/simonza.sk\\\/#organization\",\"name\":\"SIMONZA s.r.o.\",\"url\":\"https:\\\/\\\/simonza.sk\\\/\",\"logo\":{\"@type\":\"ImageObject\",\"inLanguage\":\"en-GB\",\"@id\":\"https:\\\/\\\/simonza.sk\\\/#\\\/schema\\\/logo\\\/image\\\/\",\"url\":\"https:\\\/\\\/simonza.sk\\\/wp-content\\\/uploads\\\/2022\\\/03\\\/Simonza-Adobe-Gurmukh-bold-PNG.png\",\"contentUrl\":\"https:\\\/\\\/simonza.sk\\\/wp-content\\\/uploads\\\/2022\\\/03\\\/Simonza-Adobe-Gurmukh-bold-PNG.png\",\"width\":2835,\"height\":2835,\"caption\":\"SIMONZA s.r.o.\"},\"image\":{\"@id\":\"https:\\\/\\\/simonza.sk\\\/#\\\/schema\\\/logo\\\/image\\\/\"}}]}<\/script>\n<!-- \/ Yoast SEO plugin. -->","yoast_head_json":{"title":"Ramon k\u00fater 75 VAR - Simonza","robots":{"index":"noindex","follow":"follow"},"og_locale":"en_GB","og_type":"article","og_title":"Ramon k\u00fater 75 VAR - Simonza","og_description":"K\u00fater Ramon AS-75 VAR K\u00fater s kapacitou 75 litrov zna\u010dky Ramon. K\u00fater aj misa z nehrdzavej\u00facej ocele AISI 304. Robustn\u00e1 kon\u0161trukcia zabra\u0148uj\u00faca vibr\u00e1ci\u00e1m.\u00a0Vybaven\u00e9 bezpe\u010dnostnou brzdou na no\u017eoch.\u00a0Vybaven\u00e9 3 no\u017emi (mo\u017enos\u0165 6 no\u017eov).\u00a0Vybaven\u00fd 2 nez\u00e1visl\u00fdmi motormi.\u00a0Pomal\u00e1 r\u00fdchlos\u0165 mie\u0161ania v oboch smeroch.\u00a0Vr\u00e1tane digit\u00e1lneho teplomeru.\u00a0V\u00fdkon motora no\u017eov: 30 HP\/ 22 kW.\u00a0V\u00fdkon motora misy: 1,5 HP\/ 1,10 kW.\u00a0R\u00fdchlos\u0165 no\u017ea:&hellip;&nbsp;Ramon k\u00fater 75 VAR","og_url":"https:\/\/simonza.sk\/en\/ramon-kuter-75-var\/","og_site_name":"Simonza","article_modified_time":"2022-03-10T11:38:40+00:00","og_image":[{"url":"https:\/\/agfoodstech.sk\/wp-content\/uploads\/2021\/12\/cutter-3-cuchillas-cuadradas.jpg","type":"","width":"","height":""}],"twitter_card":"summary_large_image","twitter_misc":{"Estimated reading time":"2 minutes"},"schema":{"@context":"https:\/\/schema.org","@graph":[{"@type":"WebPage","@id":"https:\/\/simonza.sk\/ramon-kuter-75-var\/","url":"https:\/\/simonza.sk\/ramon-kuter-75-var\/","name":"Ramon k\u00fater 75 VAR - Simonza","isPartOf":{"@id":"https:\/\/simonza.sk\/#website"},"primaryImageOfPage":{"@id":"https:\/\/simonza.sk\/ramon-kuter-75-var\/#primaryimage"},"image":{"@id":"https:\/\/simonza.sk\/ramon-kuter-75-var\/#primaryimage"},"thumbnailUrl":"https:\/\/agfoodstech.sk\/wp-content\/uploads\/2021\/12\/cutter-3-cuchillas-cuadradas.jpg","datePublished":"2021-12-17T09:40:25+00:00","dateModified":"2022-03-10T11:38:40+00:00","breadcrumb":{"@id":"https:\/\/simonza.sk\/ramon-kuter-75-var\/#breadcrumb"},"inLanguage":"en-GB","potentialAction":[{"@type":"ReadAction","target":["https:\/\/simonza.sk\/ramon-kuter-75-var\/"]}]},{"@type":"ImageObject","inLanguage":"en-GB","@id":"https:\/\/simonza.sk\/ramon-kuter-75-var\/#primaryimage","url":"https:\/\/agfoodstech.sk\/wp-content\/uploads\/2021\/12\/cutter-3-cuchillas-cuadradas.jpg","contentUrl":"https:\/\/agfoodstech.sk\/wp-content\/uploads\/2021\/12\/cutter-3-cuchillas-cuadradas.jpg"},{"@type":"BreadcrumbList","@id":"https:\/\/simonza.sk\/ramon-kuter-75-var\/#breadcrumb","itemListElement":[{"@type":"ListItem","position":1,"name":"Domovsk\u00e1 str\u00e1nka","item":"https:\/\/simonza.sk\/"},{"@type":"ListItem","position":2,"name":"Ramon k\u00fater 75 VAR"}]},{"@type":"WebSite","@id":"https:\/\/simonza.sk\/#website","url":"https:\/\/simonza.sk\/","name":"Simonza","description":"","publisher":{"@id":"https:\/\/simonza.sk\/#organization"},"potentialAction":[{"@type":"SearchAction","target":{"@type":"EntryPoint","urlTemplate":"https:\/\/simonza.sk\/?s={search_term_string}"},"query-input":{"@type":"PropertyValueSpecification","valueRequired":true,"valueName":"search_term_string"}}],"inLanguage":"en-GB"},{"@type":"Organization","@id":"https:\/\/simonza.sk\/#organization","name":"SIMONZA s.r.o.","url":"https:\/\/simonza.sk\/","logo":{"@type":"ImageObject","inLanguage":"en-GB","@id":"https:\/\/simonza.sk\/#\/schema\/logo\/image\/","url":"https:\/\/simonza.sk\/wp-content\/uploads\/2022\/03\/Simonza-Adobe-Gurmukh-bold-PNG.png","contentUrl":"https:\/\/simonza.sk\/wp-content\/uploads\/2022\/03\/Simonza-Adobe-Gurmukh-bold-PNG.png","width":2835,"height":2835,"caption":"SIMONZA s.r.o."},"image":{"@id":"https:\/\/simonza.sk\/#\/schema\/logo\/image\/"}}]}},"_links":{"self":[{"href":"https:\/\/simonza.sk\/en\/wp-json\/wp\/v2\/pages\/1013","targetHints":{"allow":["GET"]}}],"collection":[{"href":"https:\/\/simonza.sk\/en\/wp-json\/wp\/v2\/pages"}],"about":[{"href":"https:\/\/simonza.sk\/en\/wp-json\/wp\/v2\/types\/page"}],"author":[{"embeddable":true,"href":"https:\/\/simonza.sk\/en\/wp-json\/wp\/v2\/users\/1"}],"replies":[{"embeddable":true,"href":"https:\/\/simonza.sk\/en\/wp-json\/wp\/v2\/comments?post=1013"}],"version-history":[{"count":13,"href":"https:\/\/simonza.sk\/en\/wp-json\/wp\/v2\/pages\/1013\/revisions"}],"predecessor-version":[{"id":1415,"href":"https:\/\/simonza.sk\/en\/wp-json\/wp\/v2\/pages\/1013\/revisions\/1415"}],"wp:attachment":[{"href":"https:\/\/simonza.sk\/en\/wp-json\/wp\/v2\/media?parent=1013"}],"curies":[{"name":"wp","href":"https:\/\/api.w.org\/{rel}","templated":true}]}}